{"id":1034,"date":"2022-01-27T19:44:52","date_gmt":"2022-01-27T18:44:52","guid":{"rendered":"https:\/\/drvereshzoltan.hu\/?page_id=1034"},"modified":"2026-04-03T18:16:47","modified_gmt":"2026-04-03T17:16:47","slug":"receptigenyles","status":"publish","type":"page","link":"https:\/\/drvereshzoltan.hu\/hu_hu\/receptigenyles\/","title":{"rendered":"Receptig\u00e9nyl\u00e9s"},"content":{"rendered":"\t\t<div data-elementor-type=\"wp-page\" data-elementor-id=\"1034\" class=\"elementor elementor-1034\">\n\t\t\t\t\t\t\t\t\t<section class=\"elementor-section elementor-top-section elementor-element elementor-element-510b26f elementor-section-boxed elementor-section-height-default elementor-section-height-default\" data-id=\"510b26f\" data-element_type=\"section\" data-settings=\"{&quot;background_background&quot;:&quot;gradient&quot;}\">\n\t\t\t\t\t\t<div class=\"elementor-container elementor-column-gap-default\">\n\t\t\t\t\t<div class=\"elementor-column elementor-col-50 elementor-top-column elementor-element elementor-element-50ca882\" data-id=\"50ca882\" data-element_type=\"column\">\n\t\t\t<div class=\"elementor-widget-wrap elementor-element-populated\">\n\t\t\t\t\t\t\t\t<div class=\"elementor-element elementor-element-f1d8f75 elementor-widget elementor-widget-heading\" data-id=\"f1d8f75\" data-element_type=\"widget\" data-widget_type=\"heading.default\">\n\t\t\t\t<div class=\"elementor-widget-container\">\n\t\t\t<style>\/*! elementor - v3.15.0 - 20-08-2023 *\/\n.elementor-heading-title{padding:0;margin:0;line-height:1}.elementor-widget-heading .elementor-heading-title[class*=elementor-size-]>a{color:inherit;font-size:inherit;line-height:inherit}.elementor-widget-heading .elementor-heading-title.elementor-size-small{font-size:15px}.elementor-widget-heading .elementor-heading-title.elementor-size-medium{font-size:19px}.elementor-widget-heading .elementor-heading-title.elementor-size-large{font-size:29px}.elementor-widget-heading .elementor-heading-title.elementor-size-xl{font-size:39px}.elementor-widget-heading .elementor-heading-title.elementor-size-xxl{font-size:59px}<\/style><h2 class=\"elementor-heading-title elementor-size-default\">Receptfel\u00edr\u00e1s<br><\/h2>\t\t<\/div>\n\t\t\t\t<\/div>\n\t\t\t\t<div class=\"elementor-element elementor-element-a9a6b90 elementor-widget elementor-widget-text-editor\" data-id=\"a9a6b90\" data-element_type=\"widget\" data-widget_type=\"text-editor.default\">\n\t\t\t\t<div class=\"elementor-widget-container\">\n\t\t\t<style>\/*! elementor - v3.15.0 - 20-08-2023 *\/\n.elementor-widget-text-editor.elementor-drop-cap-view-stacked .elementor-drop-cap{background-color:#69727d;color:#fff}.elementor-widget-text-editor.elementor-drop-cap-view-framed .elementor-drop-cap{color:#69727d;border:3px solid;background-color:transparent}.elementor-widget-text-editor:not(.elementor-drop-cap-view-default) .elementor-drop-cap{margin-top:8px}.elementor-widget-text-editor:not(.elementor-drop-cap-view-default) .elementor-drop-cap-letter{width:1em;height:1em}.elementor-widget-text-editor .elementor-drop-cap{float:left;text-align:center;line-height:1;font-size:50px}.elementor-widget-text-editor .elementor-drop-cap-letter{display:inline-block}<\/style>\t\t\t\t<p>A<strong> RECEPT \u00c1TV\u00c9TEL\u00c9HEZ NEM KELL BEJ\u00d6NNIE A RENDEL\u0150BE, AZT ELEKTRONIKUSAN K\u00dcLDJ\u00dcK <br \/><\/strong><\/p><p>Receptet csak olyan p\u00e1ciensnek tudunk fel\u00edrni, akin\u00e9l m\u00e1r kor\u00e1bban fel\u00edr\u00e1sra ker\u00fclt az adott v\u00e9nyk\u00f6teles k\u00e9sz\u00edtm\u00e9ny illetve 1 \u00e9ven bel\u00fcl volt vizsg\u00e1laton.<\/p><p>Amennyiben \u00d6n megfelel ezeknek a felt\u00e9teleknek, \u00e9s ezt a szolg\u00e1ltat\u00e1st k\u00edv\u00e1nja ig\u00e9nybe venni, \u00fagy az al\u00e1bbi adatokat sz\u00fcks\u00e9ges elk\u00fcldenie a jobb oldalon (mobiltelefonon az al\u00e1bb) tal\u00e1lhat\u00f3 <strong>Recept ig\u00e9nyl\u0151 <\/strong> seg\u00edts\u00e9g\u00e9vel.<\/p><ul><li>az \u00d6n neve<\/li><li>sz\u00fclet\u00e9si ideje<\/li><li>fel\u00edratni k\u00edv\u00e1nt gy\u00f3gyszer megnevez\u00e9se<\/li><li>e-mail c\u00edm<\/li><\/ul><p>A k\u00e9r\u00e9s j\u00f3v\u00e1hagy\u00e1s\u00e1t \u00e9s feldolgoz\u00e1s\u00e1t k\u00f6vet\u0151en (amely 2-3 napot is ig\u00e9nybe vehet) emailben kap egy 5000 Ft-os \u00e1tutal\u00e1sos sz\u00e1ml\u00e1t, amelyet a megadott banksz\u00e1mlasz\u00e1mra kell \u00e1tutalnia. Az e-receptet ezt k\u00f6vet\u0151en juttatjuk el az EESZT rendszerbe \u00e9s ekkor v\u00e1lik a gy\u00f3gyszer kiv\u00e1lthat\u00f3v\u00e1. Err\u0151l e-mailben kap \u00e9rtes\u00edt\u00e9st.<\/p><p data-start=\"54\" data-end=\"309\">Az <strong>e-recept<\/strong> az EESZT (Elektronikus Eg\u00e9szs\u00e9g\u00fcgyi Szolg\u00e1ltat\u00e1si T\u00e9r) rendszer\u00e9ben ker\u00fcl r\u00f6gz\u00edt\u00e9sre. A fel\u00edrt gy\u00f3gyszert \u00d6n \u2013 vagy az a szem\u00e9ly, akinek \u00e1tadja az okm\u00e1nyait \u2013 szem\u00e9lyi igazolv\u00e1ny \u00e9s TAJ-k\u00e1rtya bemutat\u00e1s\u00e1val b\u00e1rmely gy\u00f3gyszert\u00e1rban kiv\u00e1lthatja.<\/p><p data-start=\"311\" data-end=\"475\" data-is-last-node=\"\" data-is-only-node=\"\">K\u00e9rj\u00fck, az \u00fcgyint\u00e9z\u00e9sre sz\u00edveskedjen legal\u00e1bb egy hetet hagyni, \u00e9s id\u0151ben jelezze ig\u00e9ny\u00e9t. Felh\u00edvjuk figyelm\u00e9t, hogy a recept <strong>felt\u00f6lt\u00e9se 2\u20134 nap<\/strong>ot is ig\u00e9nybe vehet.<\/p><p>\u00a0<\/p>\t\t\t\t\t\t<\/div>\n\t\t\t\t<\/div>\n\t\t\t\t\t<\/div>\n\t\t<\/div>\n\t\t\t\t<div class=\"elementor-column elementor-col-50 elementor-top-column elementor-element elementor-element-165c21f\" data-id=\"165c21f\" data-element_type=\"column\">\n\t\t\t<div class=\"elementor-widget-wrap elementor-element-populated\">\n\t\t\t\t\t\t\t\t<div class=\"elementor-element elementor-element-c65c2b5 elementor-widget__width-initial elementor-invisible elementor-widget elementor-widget-wpforms\" data-id=\"c65c2b5\" data-element_type=\"widget\" data-settings=\"{&quot;_animation&quot;:&quot;slideInRight&quot;}\" data-widget_type=\"wpforms.default\">\n\t\t\t\t<div class=\"elementor-widget-container\">\n\t\t\t<div class=\"wpforms-container wpforms-container-full\" id=\"wpforms-1073\"><form id=\"wpforms-form-1073\" class=\"wpforms-validate wpforms-form wpforms-ajax-form\" data-formid=\"1073\" method=\"post\" enctype=\"multipart\/form-data\" action=\"\/hu_hu\/wp-json\/wp\/v2\/pages\/1034\" data-token=\"e05ef93db7b9c219f6c32644b5041e8a\"><div class=\"wpforms-head-container\"><div class=\"wpforms-title\">Recept ig\u00e9nyl\u0151<\/div><\/div><noscript class=\"wpforms-error-noscript\">Please enable JavaScript in your browser to complete this form.<\/noscript><div class=\"wpforms-field-container\"><div id=\"wpforms-1073-field_1-container\" class=\"wpforms-field wpforms-field-name\" data-field-id=\"1\"><label class=\"wpforms-field-label\" for=\"wpforms-1073-field_1\">N\u00e9v <span class=\"wpforms-required-label\">*<\/span><\/label><input type=\"text\" id=\"wpforms-1073-field_1\" class=\"wpforms-field-medium wpforms-field-required\" name=\"wpforms[fields][1]\" required><\/div><div id=\"wpforms-1073-field_11-container\" class=\"wpforms-field wpforms-field-text\" data-field-id=\"11\"><label class=\"wpforms-field-label\" for=\"wpforms-1073-field_11\">Sz\u00fclet\u00e9si id\u0151 <span class=\"wpforms-required-label\">*<\/span><\/label><input type=\"text\" id=\"wpforms-1073-field_11\" class=\"wpforms-field-medium wpforms-field-required\" name=\"wpforms[fields][11]\" required><div class=\"wpforms-field-description\">\u00e9\u00e9\u00e9\u00e9.hh.nn.<\/div><\/div><div id=\"wpforms-1073-field_8-container\" class=\"wpforms-field wpforms-field-text\" data-field-id=\"8\"><label class=\"wpforms-field-label\" for=\"wpforms-1073-field_8\">Ig\u00e9nyelt gy\u00f3gyszer <span class=\"wpforms-required-label\">*<\/span><\/label><input type=\"text\" id=\"wpforms-1073-field_8\" class=\"wpforms-field-medium wpforms-field-required\" name=\"wpforms[fields][8]\" required><\/div><div id=\"wpforms-1073-field_2-container\" class=\"wpforms-field wpforms-field-email\" data-field-id=\"2\"><label class=\"wpforms-field-label\" for=\"wpforms-1073-field_2\">Email <span class=\"wpforms-required-label\">*<\/span><\/label><input type=\"email\" id=\"wpforms-1073-field_2\" class=\"wpforms-field-medium wpforms-field-required\" name=\"wpforms[fields][2]\" spellcheck=\"false\" required><\/div><\/div><!-- .wpforms-field-container --><div class=\"wpforms-submit-container\" ><input type=\"hidden\" name=\"wpforms[id]\" value=\"1073\"><input type=\"hidden\" name=\"wpforms[author]\" value=\"1\"><button type=\"submit\" name=\"wpforms[submit]\" id=\"wpforms-submit-1073\" class=\"wpforms-submit\" data-alt-text=\"Sending...\" data-submit-text=\"Elk\u00fcld\" aria-live=\"assertive\" value=\"wpforms-submit\">Elk\u00fcld<\/button><img loading=\"lazy\" decoding=\"async\" src=\"https:\/\/drvereshzoltan.hu\/wp-content\/plugins\/wpforms-lite\/assets\/images\/submit-spin.svg\" class=\"wpforms-submit-spinner\" style=\"display: none;\" width=\"26\" height=\"26\" alt=\"Loading\"><\/div><\/form><\/div>  <!-- .wpforms-container -->\t\t<\/div>\n\t\t\t\t<\/div>\n\t\t\t\t<div class=\"elementor-element elementor-element-d9feb4a elementor-widget elementor-widget-image\" data-id=\"d9feb4a\" data-element_type=\"widget\" data-widget_type=\"image.default\">\n\t\t\t\t<div class=\"elementor-widget-container\">\n\t\t\t<style>\/*! elementor - v3.15.0 - 20-08-2023 *\/\n.elementor-widget-image{text-align:center}.elementor-widget-image a{display:inline-block}.elementor-widget-image a img[src$=\".svg\"]{width:48px}.elementor-widget-image img{vertical-align:middle;display:inline-block}<\/style>\t\t\t\t\t\t\t\t\t\t\t\t<img loading=\"lazy\" decoding=\"async\" width=\"225\" height=\"382\" src=\"https:\/\/drvereshzoltan.hu\/wp-content\/uploads\/2022\/01\/Kepernyokep-2022-01-27-200157.png\" class=\"attachment-large size-large wp-image-1052\" alt=\"Receptig\u00e9nyl\u00e9s\" srcset=\"https:\/\/drvereshzoltan.hu\/wp-content\/uploads\/2022\/01\/Kepernyokep-2022-01-27-200157.png 225w, https:\/\/drvereshzoltan.hu\/wp-content\/uploads\/2022\/01\/Kepernyokep-2022-01-27-200157-177x300.png 177w\" sizes=\"auto, (max-width: 225px) 100vw, 225px\" \/>\t\t\t\t\t\t\t\t\t\t\t\t\t\t\t<\/div>\n\t\t\t\t<\/div>\n\t\t\t\t\t<\/div>\n\t\t<\/div>\n\t\t\t\t\t\t\t<\/div>\n\t\t<\/section>\n\t\t\t\t\t\t\t<\/div>\n\t\t","protected":false},"excerpt":{"rendered":"<p>Receptfel\u00edr\u00e1s A RECEPT \u00c1TV\u00c9TEL\u00c9HEZ NEM KELL BEJ\u00d6NNIE A RENDEL\u0150BE, AZT ELEKTRONIKUSAN K\u00dcLDJ\u00dcK Receptet csak olyan p\u00e1ciensnek tudunk fel\u00edrni, akin\u00e9l m\u00e1r kor\u00e1bban fel\u00edr\u00e1sra ker\u00fclt az adott v\u00e9nyk\u00f6teles k\u00e9sz\u00edtm\u00e9ny illetve 1 \u00e9ven bel\u00fcl volt vizsg\u00e1laton. Amennyiben \u00d6n megfelel ezeknek a felt\u00e9teleknek, \u00e9s ezt a szolg\u00e1ltat\u00e1st k\u00edv\u00e1nja ig\u00e9nybe venni, \u00fagy az al\u00e1bbi adatokat sz\u00fcks\u00e9ges elk\u00fcldenie a jobb oldalon [&hellip;]<\/p>\n","protected":false},"author":1,"featured_media":0,"parent":0,"menu_order":0,"comment_status":"closed","ping_status":"closed","template":"","meta":{"_mi_skip_tracking":false,"_monsterinsights_sitenote_active":false,"_monsterinsights_sitenote_note":"","_monsterinsights_sitenote_category":0,"ocean_post_layout":"full-screen","ocean_both_sidebars_style":"","ocean_both_sidebars_content_width":0,"ocean_both_sidebars_sidebars_width":0,"ocean_sidebar":"0","ocean_second_sidebar":"0","ocean_disable_margins":"enable","ocean_add_body_class":"","ocean_shortcode_before_top_bar":"","ocean_shortcode_after_top_bar":"","ocean_shortcode_before_header":"","ocean_shortcode_after_header":"","ocean_has_shortcode":"","ocean_shortcode_after_title":"","ocean_shortcode_before_footer_widgets":"","ocean_shortcode_after_footer_widgets":"","ocean_shortcode_before_footer_bottom":"","ocean_shortcode_after_footer_bottom":"","ocean_display_top_bar":"off","ocean_display_header":"default","ocean_header_style":"","ocean_center_header_left_menu":"0","ocean_custom_header_template":"0","ocean_custom_logo":0,"ocean_custom_retina_logo":0,"ocean_custom_logo_max_width":0,"ocean_custom_logo_tablet_max_width":0,"ocean_custom_logo_mobile_max_width":0,"ocean_custom_logo_max_height":0,"ocean_custom_logo_tablet_max_height":0,"ocean_custom_logo_mobile_max_height":0,"ocean_header_custom_menu":"0","ocean_menu_typo_font_family":"0","ocean_menu_typo_font_subset":"","ocean_menu_typo_font_size":0,"ocean_menu_typo_font_size_tablet":0,"ocean_menu_typo_font_size_mobile":0,"ocean_menu_typo_font_size_unit":"px","ocean_menu_typo_font_weight":"","ocean_menu_typo_font_weight_tablet":"","ocean_menu_typo_font_weight_mobile":"","ocean_menu_typo_transform":"","ocean_menu_typo_transform_tablet":"","ocean_menu_typo_transform_mobile":"","ocean_menu_typo_line_height":0,"ocean_menu_typo_line_height_tablet":0,"ocean_menu_typo_line_height_mobile":0,"ocean_menu_typo_line_height_unit":"","ocean_menu_typo_spacing":0,"ocean_menu_typo_spacing_tablet":0,"ocean_menu_typo_spacing_mobile":0,"ocean_menu_typo_spacing_unit":"","ocean_menu_link_color":"","ocean_menu_link_color_hover":"","ocean_menu_link_color_active":"","ocean_menu_link_background":"","ocean_menu_link_hover_background":"","ocean_menu_link_active_background":"","ocean_menu_social_links_bg":"","ocean_menu_social_hover_links_bg":"","ocean_menu_social_links_color":"","ocean_menu_social_hover_links_color":"","ocean_disable_title":"on","ocean_disable_heading":"default","ocean_post_title":"","ocean_post_subheading":"","ocean_post_title_style":"","ocean_post_title_background_color":"","ocean_post_title_background":0,"ocean_post_title_bg_image_position":"","ocean_post_title_bg_image_attachment":"","ocean_post_title_bg_image_repeat":"","ocean_post_title_bg_image_size":"","ocean_post_title_height":0,"ocean_post_title_bg_overlay":0.5,"ocean_post_title_bg_overlay_color":"","ocean_disable_breadcrumbs":"default","ocean_breadcrumbs_color":"","ocean_breadcrumbs_separator_color":"","ocean_breadcrumbs_links_color":"","ocean_breadcrumbs_links_hover_color":"","ocean_display_footer_widgets":"off","ocean_display_footer_bottom":"off","ocean_custom_footer_template":"0","footnotes":""},"class_list":["post-1034","page","type-page","status-publish","hentry","entry"],"_links":{"self":[{"href":"https:\/\/drvereshzoltan.hu\/hu_hu\/wp-json\/wp\/v2\/pages\/1034","targetHints":{"allow":["GET"]}}],"collection":[{"href":"https:\/\/drvereshzoltan.hu\/hu_hu\/wp-json\/wp\/v2\/pages"}],"about":[{"href":"https:\/\/drvereshzoltan.hu\/hu_hu\/wp-json\/wp\/v2\/types\/page"}],"author":[{"embeddable":true,"href":"https:\/\/drvereshzoltan.hu\/hu_hu\/wp-json\/wp\/v2\/users\/1"}],"replies":[{"embeddable":true,"href":"https:\/\/drvereshzoltan.hu\/hu_hu\/wp-json\/wp\/v2\/comments?post=1034"}],"version-history":[{"count":82,"href":"https:\/\/drvereshzoltan.hu\/hu_hu\/wp-json\/wp\/v2\/pages\/1034\/revisions"}],"predecessor-version":[{"id":2539,"href":"https:\/\/drvereshzoltan.hu\/hu_hu\/wp-json\/wp\/v2\/pages\/1034\/revisions\/2539"}],"wp:attachment":[{"href":"https:\/\/drvereshzoltan.hu\/hu_hu\/wp-json\/wp\/v2\/media?parent=1034"}],"curies":[{"name":"wp","href":"https:\/\/api.w.org\/{rel}","templated":true}]}}