{"id":2178,"date":"2025-11-22T19:48:59","date_gmt":"2025-11-22T18:48:59","guid":{"rendered":"https:\/\/drvereshzoltan.hu\/?page_id=2178"},"modified":"2025-12-22T16:11:23","modified_gmt":"2025-12-22T15:11:23","slug":"pcosdieta","status":"publish","type":"page","link":"https:\/\/drvereshzoltan.hu\/hu_hu\/pcosdieta\/","title":{"rendered":"PCOS di\u00e9t\u00e1s kezel\u00e9se"},"content":{"rendered":"\t\t<div data-elementor-type=\"wp-page\" data-elementor-id=\"2178\" class=\"elementor elementor-2178\">\n\t\t\t\t\t\t\t\t\t<section class=\"elementor-section elementor-top-section elementor-element elementor-element-6e28f3f6 elementor-section-stretched elementor-section-height-min-height elementor-section-boxed elementor-section-height-default elementor-section-items-middle\" data-id=\"6e28f3f6\" data-element_type=\"section\" data-settings=\"{&quot;stretch_section&quot;:&quot;section-stretched&quot;,&quot;background_background&quot;:&quot;classic&quot;}\">\n\t\t\t\t\t\t<div class=\"elementor-container elementor-column-gap-default\">\n\t\t\t\t\t<div class=\"elementor-column elementor-col-100 elementor-top-column elementor-element elementor-element-72652c19\" data-id=\"72652c19\" data-element_type=\"column\">\n\t\t\t<div class=\"elementor-widget-wrap elementor-element-populated\">\n\t\t\t\t\t\t\t\t<section class=\"elementor-section elementor-inner-section elementor-element elementor-element-18e02f6 elementor-section-boxed elementor-section-height-default elementor-section-height-default\" data-id=\"18e02f6\" data-element_type=\"section\">\n\t\t\t\t\t\t<div class=\"elementor-container elementor-column-gap-default\">\n\t\t\t\t\t<div class=\"elementor-column elementor-col-100 elementor-inner-column elementor-element elementor-element-48b7fa8\" data-id=\"48b7fa8\" data-element_type=\"column\">\n\t\t\t<div class=\"elementor-widget-wrap elementor-element-populated\">\n\t\t\t\t\t\t\t\t<div class=\"elementor-element elementor-element-e1e1759 elementor-widget elementor-widget-heading\" data-id=\"e1e1759\" data-element_type=\"widget\" data-widget_type=\"heading.default\">\n\t\t\t\t<div class=\"elementor-widget-container\">\n\t\t\t<style>\/*! elementor - v3.15.0 - 20-08-2023 *\/\n.elementor-heading-title{padding:0;margin:0;line-height:1}.elementor-widget-heading .elementor-heading-title[class*=elementor-size-]>a{color:inherit;font-size:inherit;line-height:inherit}.elementor-widget-heading .elementor-heading-title.elementor-size-small{font-size:15px}.elementor-widget-heading .elementor-heading-title.elementor-size-medium{font-size:19px}.elementor-widget-heading .elementor-heading-title.elementor-size-large{font-size:29px}.elementor-widget-heading .elementor-heading-title.elementor-size-xl{font-size:39px}.elementor-widget-heading .elementor-heading-title.elementor-size-xxl{font-size:59px}<\/style><h2 class=\"elementor-heading-title elementor-size-default\">PCOS di\u00e9t\u00e1s kezel\u00e9se \u2013 Alapelvek \u00e9s gyakorlati tan\u00e1csok<\/h2>\t\t<\/div>\n\t\t\t\t<\/div>\n\t\t\t\t\t<\/div>\n\t\t<\/div>\n\t\t\t\t\t\t\t<\/div>\n\t\t<\/section>\n\t\t\t\t\t<\/div>\n\t\t<\/div>\n\t\t\t\t\t\t\t<\/div>\n\t\t<\/section>\n\t\t\t\t<section class=\"elementor-section elementor-top-section elementor-element elementor-element-d53a3da elementor-section-boxed elementor-section-height-default elementor-section-height-default\" data-id=\"d53a3da\" data-element_type=\"section\" data-settings=\"{&quot;background_background&quot;:&quot;classic&quot;}\">\n\t\t\t\t\t\t<div class=\"elementor-container elementor-column-gap-default\">\n\t\t\t\t\t<div class=\"elementor-column elementor-col-100 elementor-top-column elementor-element elementor-element-4e366c5\" data-id=\"4e366c5\" data-element_type=\"column\">\n\t\t\t<div class=\"elementor-widget-wrap elementor-element-populated\">\n\t\t\t\t\t\t\t\t<section class=\"elementor-section elementor-inner-section elementor-element elementor-element-01093c0 elementor-section-boxed elementor-section-height-default elementor-section-height-default\" data-id=\"01093c0\" data-element_type=\"section\">\n\t\t\t\t\t\t<div class=\"elementor-container elementor-column-gap-default\">\n\t\t\t\t\t<div class=\"elementor-column elementor-col-100 elementor-inner-column elementor-element elementor-element-7d1619c elementor-invisible\" data-id=\"7d1619c\" data-element_type=\"column\" data-settings=\"{&quot;animation&quot;:&quot;fadeInUp&quot;}\">\n\t\t\t<div class=\"elementor-widget-wrap elementor-element-populated\">\n\t\t\t\t\t\t\t\t<div class=\"elementor-element elementor-element-762812a elementor-widget__width-initial elementor-widget elementor-widget-image\" data-id=\"762812a\" data-element_type=\"widget\" data-widget_type=\"image.default\">\n\t\t\t\t<div class=\"elementor-widget-container\">\n\t\t\t<style>\/*! elementor - v3.15.0 - 20-08-2023 *\/\n.elementor-widget-image{text-align:center}.elementor-widget-image a{display:inline-block}.elementor-widget-image a img[src$=\".svg\"]{width:48px}.elementor-widget-image img{vertical-align:middle;display:inline-block}<\/style>\t\t\t\t\t\t\t\t\t\t\t\t<img loading=\"lazy\" decoding=\"async\" width=\"1024\" height=\"768\" src=\"https:\/\/drvereshzoltan.hu\/wp-content\/uploads\/2025\/11\/okostanyer-002-1024x768.jpg\" class=\"attachment-large size-large wp-image-2137\" alt=\"PCOS di\u00e9t\u00e1s kezel\u00e9se\" srcset=\"https:\/\/drvereshzoltan.hu\/wp-content\/uploads\/2025\/11\/okostanyer-002-1024x768.jpg 1024w, https:\/\/drvereshzoltan.hu\/wp-content\/uploads\/2025\/11\/okostanyer-002-300x225.jpg 300w, https:\/\/drvereshzoltan.hu\/wp-content\/uploads\/2025\/11\/okostanyer-002-768x576.jpg 768w, https:\/\/drvereshzoltan.hu\/wp-content\/uploads\/2025\/11\/okostanyer-002-16x12.jpg 16w, https:\/\/drvereshzoltan.hu\/wp-content\/uploads\/2025\/11\/okostanyer-002.jpg 1066w\" sizes=\"auto, (max-width: 1024px) 100vw, 1024px\" \/>\t\t\t\t\t\t\t\t\t\t\t\t\t\t\t<\/div>\n\t\t\t\t<\/div>\n\t\t\t\t<div class=\"elementor-element elementor-element-090a558 elementor-widget__width-initial elementor-widget elementor-widget-image\" data-id=\"090a558\" data-element_type=\"widget\" data-widget_type=\"image.default\">\n\t\t\t\t<div class=\"elementor-widget-container\">\n\t\t\t\t\t\t\t\t\t\t\t\t\t\t\t<img loading=\"lazy\" decoding=\"async\" width=\"1024\" height=\"684\" src=\"https:\/\/drvereshzoltan.hu\/wp-content\/uploads\/2025\/11\/woman-3186730_1280-1024x684.jpg\" class=\"attachment-large size-large wp-image-2194\" alt=\"\" srcset=\"https:\/\/drvereshzoltan.hu\/wp-content\/uploads\/2025\/11\/woman-3186730_1280-1024x684.jpg 1024w, https:\/\/drvereshzoltan.hu\/wp-content\/uploads\/2025\/11\/woman-3186730_1280-300x200.jpg 300w, https:\/\/drvereshzoltan.hu\/wp-content\/uploads\/2025\/11\/woman-3186730_1280-768x513.jpg 768w, https:\/\/drvereshzoltan.hu\/wp-content\/uploads\/2025\/11\/woman-3186730_1280-18x12.jpg 18w, https:\/\/drvereshzoltan.hu\/wp-content\/uploads\/2025\/11\/woman-3186730_1280.jpg 1280w\" sizes=\"auto, (max-width: 1024px) 100vw, 1024px\" \/>\t\t\t\t\t\t\t\t\t\t\t\t\t\t\t<\/div>\n\t\t\t\t<\/div>\n\t\t\t\t<div class=\"elementor-element elementor-element-de88ff0 elementor-widget elementor-widget-text-editor\" data-id=\"de88ff0\" data-element_type=\"widget\" data-widget_type=\"text-editor.default\">\n\t\t\t\t<div class=\"elementor-widget-container\">\n\t\t\t<style>\/*! elementor - v3.15.0 - 20-08-2023 *\/\n.elementor-widget-text-editor.elementor-drop-cap-view-stacked .elementor-drop-cap{background-color:#69727d;color:#fff}.elementor-widget-text-editor.elementor-drop-cap-view-framed .elementor-drop-cap{color:#69727d;border:3px solid;background-color:transparent}.elementor-widget-text-editor:not(.elementor-drop-cap-view-default) .elementor-drop-cap{margin-top:8px}.elementor-widget-text-editor:not(.elementor-drop-cap-view-default) .elementor-drop-cap-letter{width:1em;height:1em}.elementor-widget-text-editor .elementor-drop-cap{float:left;text-align:center;line-height:1;font-size:50px}.elementor-widget-text-editor .elementor-drop-cap-letter{display:inline-block}<\/style>\t\t\t\t<div style=\"background-color: #008ec1; color: #ffffff; font-family: 'Segoe UI', Tahoma, sans-serif; line-height: 1.5; padding: 20px; border-radius: 10px;\"><p>A <strong>policiszt\u00e1s ov\u00e1rium szindr\u00f3ma (PCOS)<\/strong> kezel\u00e9s\u00e9nek egyik legfontosabb pill\u00e9re a <strong>megfelel\u0151 \u00e9trend<\/strong>. A helytelen t\u00e1pl\u00e1lkoz\u00e1s, a rendszertelen \u00e9tkez\u00e9s \u00e9s az ebb\u0151l ad\u00f3d\u00f3 t\u00fals\u00faly, inzulinrezisztencia tov\u00e1bb ronthatj\u00e1k a t\u00fcneteket, ez\u00e9rt a t\u00e1pl\u00e1lkoz\u00e1si szok\u00e1sok rendez\u00e9se kiemelt jelent\u0151s\u00e9g\u0171.<\/p><h2 style=\"border-bottom: 2px solid #FFFFFF; padding-bottom: 5px;\">Mi\u00e9rt fontos a di\u00e9ta PCOS eset\u00e9n?<\/h2><p>A kiegyens\u00falyozott \u00e9trend seg\u00edti:<\/p><ul><li>az <strong>inzulinszint stabiliz\u00e1l\u00e1s\u00e1t<\/strong>,<\/li><li>a <strong>hormon\u00e1lis egyens\u00faly jav\u00edt\u00e1s\u00e1t<\/strong>,<\/li><li>a <strong>t\u00fals\u00faly cs\u00f6kkent\u00e9s\u00e9t<\/strong>,<\/li><li>a <strong>fal\u00e1srohamok \u00e9s az \u00e9dess\u00e9gv\u00e1gy m\u00e9rs\u00e9kl\u00e9s\u00e9t<\/strong>.<\/li><\/ul><p>Az \u00e9trend alapelvei minden PCOS-es p\u00e1ciensn\u00e9l \u00e9rv\u00e9nyesek, testt\u00f6megt\u0151l f\u00fcggetlen\u00fcl.<\/p><h3>1. Rendszeres, kiegyens\u00falyozott \u00e9tkez\u00e9s<\/h3><ul><li>Egy nap <strong>4\u20136 \u00e9tkez\u00e9s<\/strong> javasolt, kb. <strong>2\u20134 \u00f3r\u00e1nk\u00e9nt<\/strong>.<\/li><li>A reggelit <strong>felkel\u00e9s ut\u00e1n 1 \u00f3r\u00e1n bel\u00fcl<\/strong> \u00e9rdemes elfogyasztani.<\/li><li>Lefekv\u00e9s el\u0151tt 2\u20133 \u00f3r\u00e1val m\u00e1r ne egy\u00fcnk.<\/li><li>Minden \u00e9tkez\u00e9s tartalmazzon <strong>lassan felsz\u00edv\u00f3d\u00f3 sz\u00e9nhidr\u00e1tot<\/strong>.<\/li><\/ul><p>A rendszeres \u00e9tkez\u00e9s cs\u00f6kkenti az ingadoz\u00f3 v\u00e9rcukorszint miatti \u00e9hs\u00e9grohamokat \u00e9s stabiliz\u00e1lja az inzulinszintet.<\/p><h3>2. Alacsony glik\u00e9mi\u00e1s index\u0171 \u00e9telek (GI) el\u0151nyben<\/h3><p>Az alacsony GI-j\u0171 \u00e9telek lassabban emelik a v\u00e9rcukrot, \u00edgy kedvez\u0151en hatnak az inzulin\u00e9rz\u00e9kenys\u00e9gre.<\/p><p><strong>\u00c9rdemes el\u0151nyben r\u00e9szes\u00edteni:<\/strong><\/p><ul><li>teljes ki\u0151rl\u00e9s\u0171 gabon\u00e1k,<\/li><li>z\u00f6lds\u00e9gek,<\/li><li>rostban gazdag k\u00f6retek (bulgur, barna rizs, quinoa),<\/li><li>feh\u00e9rje + lass\u00fa felsz\u00edv\u00f3d\u00e1s\u00fa sz\u00e9nhidr\u00e1t kombin\u00e1ci\u00f3k.<\/li><\/ul><p><strong>Ker\u00fclend\u0151:<\/strong><\/p><ul><li>feh\u00e9r lisztb\u0151l k\u00e9sz\u00fclt p\u00e9k\u00e1ruk,<\/li><li>p\u00e9pes\u00edtett, turmixolt \u00e9telek gyakori fogyaszt\u00e1sa,<\/li><li>cukros italok, gy\u00fcm\u00f6lcslevek,<\/li><li>puffasztott, extrud\u00e1lt, finom\u00edtott sz\u00e9nhidr\u00e1tok.<\/li><\/ul><h3>3. A cukorfogyaszt\u00e1s cs\u00f6kkent\u00e9se<\/h3><p>A PCOS \u00e9trend egyik legfontosabb eleme a <strong>hozz\u00e1adott cukor ker\u00fcl\u00e9se<\/strong>.<\/p><ul><li>A napi energiabevitel legfeljebb 10%-a sz\u00e1rmazhat cukorb\u00f3l, IR eset\u00e9n: <strong>0%<\/strong>.<\/li><li>\u00c9dess\u00e9g legfeljebb <strong>heti 1\u20132 alkalommal<\/strong> f\u00e9r bele \u2013 fogy\u00e1s eset\u00e9n m\u00e9g ritk\u00e1bban.<\/li><\/ul><p><strong>Hozz\u00e1adott cukor lehet t\u00f6bbek k\u00f6z\u00f6tt:<\/strong><br \/>r\u00e9pacukor, n\u00e1dcukor, m\u00e9z, barna cukor, gl\u00fck\u00f3z-frukt\u00f3z szirup, agav\u00e9szirup, maltodextrin stb.<\/p><p>A c\u00edmk\u00e9n a <strong>\u201ehozz\u00e1adott cukor n\u00e9lk\u00fcl\u201d<\/strong> feliratot \u00e9rdemes keresni.<\/p><p><strong>\u00c9des\u00edt\u0151szer v\u00e1laszt\u00e1sa:<\/strong><\/p><ul><li><strong>Term\u00e9szetesek:<\/strong> eritrit, xilit, stevia, kever\u00e9keik<\/li><li><strong>Mesters\u00e9gesek:<\/strong> aszpart\u00e1m, aceszulf\u00e1m-K, ciklam\u00e1t, szukral\u00f3z<\/li><\/ul><p>Az \u00e9des\u00edt\u0151szerek t\u00f6bbs\u00e9ge biztons\u00e1gosan fogyaszthat\u00f3, de elt\u00e9r\u0151 tulajdons\u00e1gaik miatt m\u00e1s-m\u00e1s \u00e9telekhez aj\u00e1nlottak. S\u00fct\u00e9shez legink\u00e1bb az <strong>eritrit<\/strong> vagy az <strong>eritrit\u2013stevia kever\u00e9k<\/strong> v\u00e1lik be.<\/p><h3>4. Rostban gazdag \u00e9trend<\/h3><p>A PCOS di\u00e9ta kiemelten \u00e9p\u00edt a <strong>napi 30\u201345 g rostbevitelre<\/strong>.<\/p><ul><li>lass\u00edtja a sz\u00e9nhidr\u00e1tok felsz\u00edv\u00f3d\u00e1s\u00e1t,<\/li><li>hosszabb j\u00f3llakotts\u00e1g\u00e9rzetet biztos\u00edt,<\/li><li>cs\u00f6kkenti a nassol\u00e1st,<\/li><li>jav\u00edtja az em\u00e9szt\u00e9st.<\/li><\/ul><p><strong>Praktikus rostn\u00f6vel\u00e9si \u00f6tletek:<\/strong><\/p><ul><li>Feh\u00e9r liszt helyett teljes ki\u0151rl\u00e9s\u0171 v\u00e1ltozat.<\/li><li>Feh\u00e9r rizs helyett barna rizs, bulgur, hajdina, quinoa.<\/li><li>Rakott\/h\u00fasos \u00e9telek laz\u00edt\u00e1sa zabpehellyel, k\u00f6lessel, zabkorp\u00e1val.<\/li><li>Pan\u00edroz\u00e1s zabpehellyel vagy teljes ki\u0151rl\u00e9s\u0171 liszttel.<\/li><li>Naponta legal\u00e1bb <strong>5 adag z\u00f6lds\u00e9g-gy\u00fcm\u00f6lcs<\/strong>, ebb\u0151l legal\u00e1bb 3 adag z\u00f6lds\u00e9g.<\/li><\/ul><p><strong>Fontos:<\/strong> a rostd\u00fas \u00e9trendhez megfelel\u0151 folyad\u00e9kfogyaszt\u00e1s is sz\u00fcks\u00e9ges (legal\u00e1bb <strong>2 liter\/nap<\/strong>).<\/p><h2 style=\"border-top: 2px solid #FFFFFF; padding-top: 5px;\">\u00d6sszefoglal\u00e1s<\/h2><p>A PCOS \u00e9trendi kezel\u00e9se a hormon\u00e1lis \u00e9s anyagcsere-egyens\u00faly jav\u00edt\u00e1s\u00e1nak egyik legfontosabb eszk\u00f6ze. A rendszeres, lass\u00fa felsz\u00edv\u00f3d\u00e1s\u00fa sz\u00e9nhidr\u00e1tokra \u00e9p\u00fcl\u0151 \u00e9tkez\u00e9s, a hozz\u00e1adott cukor ker\u00fcl\u00e9se \u00e9s a megfelel\u0151 rostbevitel mind jelent\u0151sen hozz\u00e1j\u00e1rulhatnak a t\u00fcnetek enyh\u00edt\u00e9s\u00e9hez \u00e9s a hossz\u00fa t\u00e1v\u00fa eg\u00e9szs\u00e9g meg\u0151rz\u00e9s\u00e9hez.<\/p><\/div>\t\t\t\t\t\t<\/div>\n\t\t\t\t<\/div>\n\t\t\t\t\t<\/div>\n\t\t<\/div>\n\t\t\t\t\t\t\t<\/div>\n\t\t<\/section>\n\t\t\t\t\t<\/div>\n\t\t<\/div>\n\t\t\t\t\t\t\t<\/div>\n\t\t<\/section>\n\t\t\t\t<section class=\"elementor-section elementor-inner-section elementor-element elementor-element-72b837ac elementor-section-boxed elementor-section-height-default elementor-section-height-default\" data-id=\"72b837ac\" data-element_type=\"section\" data-settings=\"{&quot;background_background&quot;:&quot;classic&quot;}\">\n\t\t\t\t\t\t<div class=\"elementor-container elementor-column-gap-default\">\n\t\t\t\t\t<div class=\"elementor-column elementor-col-50 elementor-inner-column elementor-element elementor-element-200e3e8a\" data-id=\"200e3e8a\" data-element_type=\"column\">\n\t\t\t<div class=\"elementor-widget-wrap elementor-element-populated\">\n\t\t\t\t\t\t\t\t<div class=\"elementor-element elementor-element-1c96f158 elementor-widget elementor-widget-heading\" data-id=\"1c96f158\" data-element_type=\"widget\" data-widget_type=\"heading.default\">\n\t\t\t\t<div class=\"elementor-widget-container\">\n\t\t\t<h2 class=\"elementor-heading-title elementor-size-default\">Bejelentkez\u00e9s vizsg\u00e1latra<\/h2>\t\t<\/div>\n\t\t\t\t<\/div>\n\t\t\t\t<div class=\"elementor-element elementor-element-3620d288 elementor-widget elementor-widget-text-editor\" data-id=\"3620d288\" data-element_type=\"widget\" data-widget_type=\"text-editor.default\">\n\t\t\t\t<div class=\"elementor-widget-container\">\n\t\t\t\t\t\t\t<p><span style=\"color: #060606;\">Mag\u00e1nrendel\u00e9semre az on-line id\u0151pontfoglal\u00e1s automatikus rendszeren kereszt\u00fcl t\u00f6rt\u00e9nik. Ez \u00d6nnek a legk\u00e9nyelmesebb megold\u00e1s: az el\u0151jegyz\u00e9si folyamat 2 perc alatt befejez\u0151dik \u00e9s az \u00d6n sz\u00e1m\u00e1ra legalkalmasabb id\u0151pontot tudja kiv\u00e1lasztani<\/span><\/p>\t\t\t\t\t\t<\/div>\n\t\t\t\t<\/div>\n\t\t\t\t\t<\/div>\n\t\t<\/div>\n\t\t\t\t<div class=\"elementor-column elementor-col-50 elementor-inner-column elementor-element elementor-element-56024ec2\" data-id=\"56024ec2\" data-element_type=\"column\">\n\t\t\t<div class=\"elementor-widget-wrap elementor-element-populated\">\n\t\t\t\t\t\t\t\t<div class=\"elementor-element elementor-element-37903eb5 elementor-align-center elementor-mobile-align-left elementor-widget elementor-widget-button\" data-id=\"37903eb5\" data-element_type=\"widget\" data-widget_type=\"button.default\">\n\t\t\t\t<div class=\"elementor-widget-container\">\n\t\t\t\t\t<div class=\"elementor-button-wrapper\">\n\t\t\t<a class=\"elementor-button elementor-button-link elementor-size-sm\" href=\"http:\/\/drveresh.booked4.us\" target=\"_blank\" rel=\"noopener\">\n\t\t\t\t\t\t<span class=\"elementor-button-content-wrapper\">\n\t\t\t\t\t\t<span class=\"elementor-button-icon elementor-align-icon-left\">\n\t\t\t\t<i aria-hidden=\"true\" class=\"far fa-calendar-plus\"><\/i>\t\t\t<\/span>\n\t\t\t\t\t\t<span class=\"elementor-button-text\">On-Line id\u0151pontfoglal\u00e1s<\/span>\n\t\t<\/span>\n\t\t\t\t\t<\/a>\n\t\t<\/div>\n\t\t\t\t<\/div>\n\t\t\t\t<\/div>\n\t\t\t\t\t<\/div>\n\t\t<\/div>\n\t\t\t\t\t\t\t<\/div>\n\t\t<\/section>\n\t\t\t\t<section class=\"elementor-section elementor-top-section elementor-element elementor-element-644924d9 elementor-section-stretched elementor-section-boxed elementor-section-height-default elementor-section-height-default\" data-id=\"644924d9\" data-element_type=\"section\" data-settings=\"{&quot;stretch_section&quot;:&quot;section-stretched&quot;,&quot;background_background&quot;:&quot;video&quot;,&quot;background_video_link&quot;:&quot;https:\\\/\\\/www.youtube.com\\\/watch?v=rVVv5kUoxME&quot;}\">\n\t\t\t\t\t\t\t\t<div class=\"elementor-background-video-container elementor-hidden-phone\">\n\t\t\t\t\t\t\t\t\t\t\t\t\t<div class=\"elementor-background-video-embed\"><\/div>\n\t\t\t\t\t\t\t\t\t\t\t\t<\/div>\n\t\t\t\t\t\t\t\t\t<div class=\"elementor-background-overlay\"><\/div>\n\t\t\t\t\t\t\t<div class=\"elementor-container elementor-column-gap-default\">\n\t\t\t\t\t<div class=\"elementor-column elementor-col-100 elementor-top-column elementor-element elementor-element-1a351949\" data-id=\"1a351949\" data-element_type=\"column\" data-settings=\"{&quot;background_background&quot;:&quot;classic&quot;}\">\n\t\t\t<div class=\"elementor-widget-wrap elementor-element-populated\">\n\t\t\t\t\t\t\t\t<section class=\"elementor-section elementor-inner-section elementor-element elementor-element-376b4b39 elementor-section-boxed elementor-section-height-default elementor-section-height-default\" data-id=\"376b4b39\" data-element_type=\"section\" data-settings=\"{&quot;background_background&quot;:&quot;classic&quot;}\">\n\t\t\t\t\t\t<div class=\"elementor-container elementor-column-gap-default\">\n\t\t\t\t\t<div class=\"elementor-column elementor-col-50 elementor-inner-column elementor-element elementor-element-5ee87ef elementor-invisible\" data-id=\"5ee87ef\" data-element_type=\"column\" data-settings=\"{&quot;animation&quot;:&quot;fadeInUp&quot;}\">\n\t\t\t<div class=\"elementor-widget-wrap elementor-element-populated\">\n\t\t\t\t\t\t\t\t<div class=\"elementor-element elementor-element-72fc735b elementor-widget elementor-widget-text-editor\" data-id=\"72fc735b\" data-element_type=\"widget\" data-widget_type=\"text-editor.default\">\n\t\t\t\t<div class=\"elementor-widget-container\">\n\t\t\t\t\t\t\t<div class=\"qx-subtitle\"><p>Ha s\u00fcrg\u0151s bejelentkez\u00e9sre van sz\u00fcks\u00e9ge<\/p><\/div>\t\t\t\t\t\t<\/div>\n\t\t\t\t<\/div>\n\t\t\t\t\t<\/div>\n\t\t<\/div>\n\t\t\t\t<div class=\"elementor-column elementor-col-50 elementor-inner-column elementor-element elementor-element-7451675f elementor-invisible\" data-id=\"7451675f\" data-element_type=\"column\" data-settings=\"{&quot;animation&quot;:&quot;fadeInUp&quot;,&quot;animation_delay&quot;:100}\">\n\t\t\t<div class=\"elementor-widget-wrap elementor-element-populated\">\n\t\t\t\t\t\t\t\t<div class=\"elementor-element elementor-element-239bcef5 elementor-widget elementor-widget-text-editor\" data-id=\"239bcef5\" data-element_type=\"widget\" data-widget_type=\"text-editor.default\">\n\t\t\t\t<div class=\"elementor-widget-container\">\n\t\t\t\t\t\t\t<p>Bejelentkez\u00e9s<\/p>\t\t\t\t\t\t<\/div>\n\t\t\t\t<\/div>\n\t\t\t\t<div class=\"elementor-element elementor-element-39ba33b0 elementor-widget elementor-widget-heading\" data-id=\"39ba33b0\" data-element_type=\"widget\" data-widget_type=\"heading.default\">\n\t\t\t\t<div class=\"elementor-widget-container\">\n\t\t\t<h2 class=\"elementor-heading-title elementor-size-default\">+36 20 595 6665<\/h2>\t\t<\/div>\n\t\t\t\t<\/div>\n\t\t\t\t\t<\/div>\n\t\t<\/div>\n\t\t\t\t\t\t\t<\/div>\n\t\t<\/section>\n\t\t\t\t\t<\/div>\n\t\t<\/div>\n\t\t\t\t\t\t\t<\/div>\n\t\t<\/section>\n\t\t\t\t\t\t\t<\/div>\n\t\t","protected":false},"excerpt":{"rendered":"<p>PCOS di\u00e9t\u00e1s kezel\u00e9se \u2013 Alapelvek \u00e9s gyakorlati tan\u00e1csok A policiszt\u00e1s ov\u00e1rium szindr\u00f3ma (PCOS) kezel\u00e9s\u00e9nek egyik legfontosabb pill\u00e9re a megfelel\u0151 \u00e9trend. A helytelen t\u00e1pl\u00e1lkoz\u00e1s, a rendszertelen \u00e9tkez\u00e9s \u00e9s az ebb\u0151l ad\u00f3d\u00f3 t\u00fals\u00faly, inzulinrezisztencia tov\u00e1bb ronthatj\u00e1k a t\u00fcneteket, ez\u00e9rt a t\u00e1pl\u00e1lkoz\u00e1si szok\u00e1sok rendez\u00e9se kiemelt jelent\u0151s\u00e9g\u0171. Mi\u00e9rt fontos a di\u00e9ta PCOS eset\u00e9n? A kiegyens\u00falyozott \u00e9trend seg\u00edti: az inzulinszint [&hellip;]<\/p>\n","protected":false},"author":1,"featured_media":0,"parent":0,"menu_order":0,"comment_status":"closed","ping_status":"closed","template":"elementor_header_footer","meta":{"_mi_skip_tracking":false,"_monsterinsights_sitenote_active":false,"_monsterinsights_sitenote_note":"","_monsterinsights_sitenote_category":0,"ocean_post_layout":"","ocean_both_sidebars_style":"","ocean_both_sidebars_content_width":0,"ocean_both_sidebars_sidebars_width":0,"ocean_sidebar":"","ocean_second_sidebar":"","ocean_disable_margins":"enable","ocean_add_body_class":"","ocean_shortcode_before_top_bar":"","ocean_shortcode_after_top_bar":"","ocean_shortcode_before_header":"","ocean_shortcode_after_header":"","ocean_has_shortcode":"","ocean_shortcode_after_title":"","ocean_shortcode_before_footer_widgets":"","ocean_shortcode_after_footer_widgets":"","ocean_shortcode_before_footer_bottom":"","ocean_shortcode_after_footer_bottom":"","ocean_display_top_bar":"off","ocean_display_header":"default","ocean_header_style":"","ocean_center_header_left_menu":"","ocean_custom_header_template":"","ocean_custom_logo":0,"ocean_custom_retina_logo":0,"ocean_custom_logo_max_width":0,"ocean_custom_logo_tablet_max_width":0,"ocean_custom_logo_mobile_max_width":0,"ocean_custom_logo_max_height":0,"ocean_custom_logo_tablet_max_height":0,"ocean_custom_logo_mobile_max_height":0,"ocean_header_custom_menu":"","ocean_menu_typo_font_family":"","ocean_menu_typo_font_subset":"","ocean_menu_typo_font_size":0,"ocean_menu_typo_font_size_tablet":0,"ocean_menu_typo_font_size_mobile":0,"ocean_menu_typo_font_size_unit":"px","ocean_menu_typo_font_weight":"","ocean_menu_typo_font_weight_tablet":"","ocean_menu_typo_font_weight_mobile":"","ocean_menu_typo_transform":"","ocean_menu_typo_transform_tablet":"","ocean_menu_typo_transform_mobile":"","ocean_menu_typo_line_height":0,"ocean_menu_typo_line_height_tablet":0,"ocean_menu_typo_line_height_mobile":0,"ocean_menu_typo_line_height_unit":"","ocean_menu_typo_spacing":0,"ocean_menu_typo_spacing_tablet":0,"ocean_menu_typo_spacing_mobile":0,"ocean_menu_typo_spacing_unit":"","ocean_menu_link_color":"","ocean_menu_link_color_hover":"","ocean_menu_link_color_active":"","ocean_menu_link_background":"","ocean_menu_link_hover_background":"","ocean_menu_link_active_background":"","ocean_menu_social_links_bg":"","ocean_menu_social_hover_links_bg":"","ocean_menu_social_links_color":"","ocean_menu_social_hover_links_color":"","ocean_disable_title":"default","ocean_disable_heading":"default","ocean_post_title":"","ocean_post_subheading":"","ocean_post_title_style":"","ocean_post_title_background_color":"","ocean_post_title_background":0,"ocean_post_title_bg_image_position":"","ocean_post_title_bg_image_attachment":"","ocean_post_title_bg_image_repeat":"","ocean_post_title_bg_image_size":"","ocean_post_title_height":0,"ocean_post_title_bg_overlay":0.5,"ocean_post_title_bg_overlay_color":"","ocean_disable_breadcrumbs":"default","ocean_breadcrumbs_color":"","ocean_breadcrumbs_separator_color":"","ocean_breadcrumbs_links_color":"","ocean_breadcrumbs_links_hover_color":"","ocean_display_footer_widgets":"default","ocean_display_footer_bottom":"default","ocean_custom_footer_template":"","footnotes":""},"class_list":["post-2178","page","type-page","status-publish","hentry","entry"],"_links":{"self":[{"href":"https:\/\/drvereshzoltan.hu\/hu_hu\/wp-json\/wp\/v2\/pages\/2178","targetHints":{"allow":["GET"]}}],"collection":[{"href":"https:\/\/drvereshzoltan.hu\/hu_hu\/wp-json\/wp\/v2\/pages"}],"about":[{"href":"https:\/\/drvereshzoltan.hu\/hu_hu\/wp-json\/wp\/v2\/types\/page"}],"author":[{"embeddable":true,"href":"https:\/\/drvereshzoltan.hu\/hu_hu\/wp-json\/wp\/v2\/users\/1"}],"replies":[{"embeddable":true,"href":"https:\/\/drvereshzoltan.hu\/hu_hu\/wp-json\/wp\/v2\/comments?post=2178"}],"version-history":[{"count":26,"href":"https:\/\/drvereshzoltan.hu\/hu_hu\/wp-json\/wp\/v2\/pages\/2178\/revisions"}],"predecessor-version":[{"id":2454,"href":"https:\/\/drvereshzoltan.hu\/hu_hu\/wp-json\/wp\/v2\/pages\/2178\/revisions\/2454"}],"wp:attachment":[{"href":"https:\/\/drvereshzoltan.hu\/hu_hu\/wp-json\/wp\/v2\/media?parent=2178"}],"curies":[{"name":"wp","href":"https:\/\/api.w.org\/{rel}","templated":true}]}}