{"id":2201,"date":"2025-11-22T20:23:54","date_gmt":"2025-11-22T19:23:54","guid":{"rendered":"https:\/\/drvereshzoltan.hu\/?page_id=2201"},"modified":"2025-12-22T16:22:29","modified_gmt":"2025-12-22T15:22:29","slug":"pcos-mozgas","status":"publish","type":"page","link":"https:\/\/drvereshzoltan.hu\/hu_hu\/pcos-mozgas\/","title":{"rendered":"PCOS mozg\u00e1s"},"content":{"rendered":"\t\t<div data-elementor-type=\"wp-page\" data-elementor-id=\"2201\" class=\"elementor elementor-2201\">\n\t\t\t\t\t\t\t\t\t<section class=\"elementor-section elementor-top-section elementor-element elementor-element-6e28f3f6 elementor-section-stretched elementor-section-height-min-height elementor-section-boxed elementor-section-height-default elementor-section-items-middle\" data-id=\"6e28f3f6\" data-element_type=\"section\" data-settings=\"{&quot;stretch_section&quot;:&quot;section-stretched&quot;,&quot;background_background&quot;:&quot;classic&quot;}\">\n\t\t\t\t\t\t<div class=\"elementor-container elementor-column-gap-default\">\n\t\t\t\t\t<div class=\"elementor-column elementor-col-100 elementor-top-column elementor-element elementor-element-72652c19\" data-id=\"72652c19\" data-element_type=\"column\">\n\t\t\t<div class=\"elementor-widget-wrap elementor-element-populated\">\n\t\t\t\t\t\t\t\t<section class=\"elementor-section elementor-inner-section elementor-element elementor-element-18e02f6 elementor-section-boxed elementor-section-height-default elementor-section-height-default\" data-id=\"18e02f6\" data-element_type=\"section\">\n\t\t\t\t\t\t<div class=\"elementor-container elementor-column-gap-default\">\n\t\t\t\t\t<div class=\"elementor-column elementor-col-100 elementor-inner-column elementor-element elementor-element-48b7fa8\" data-id=\"48b7fa8\" data-element_type=\"column\">\n\t\t\t<div class=\"elementor-widget-wrap elementor-element-populated\">\n\t\t\t\t\t\t\t\t<div class=\"elementor-element elementor-element-e1e1759 elementor-widget elementor-widget-heading\" data-id=\"e1e1759\" data-element_type=\"widget\" data-widget_type=\"heading.default\">\n\t\t\t\t<div class=\"elementor-widget-container\">\n\t\t\t<style>\/*! elementor - v3.15.0 - 20-08-2023 *\/\n.elementor-heading-title{padding:0;margin:0;line-height:1}.elementor-widget-heading .elementor-heading-title[class*=elementor-size-]>a{color:inherit;font-size:inherit;line-height:inherit}.elementor-widget-heading .elementor-heading-title.elementor-size-small{font-size:15px}.elementor-widget-heading .elementor-heading-title.elementor-size-medium{font-size:19px}.elementor-widget-heading .elementor-heading-title.elementor-size-large{font-size:29px}.elementor-widget-heading .elementor-heading-title.elementor-size-xl{font-size:39px}.elementor-widget-heading .elementor-heading-title.elementor-size-xxl{font-size:59px}<\/style><h2 class=\"elementor-heading-title elementor-size-default\">PCOS \u00e9s a mozg\u00e1s \u2013 Mi\u00e9rt fontos a testmozg\u00e1s?<\/h2>\t\t<\/div>\n\t\t\t\t<\/div>\n\t\t\t\t\t<\/div>\n\t\t<\/div>\n\t\t\t\t\t\t\t<\/div>\n\t\t<\/section>\n\t\t\t\t\t<\/div>\n\t\t<\/div>\n\t\t\t\t\t\t\t<\/div>\n\t\t<\/section>\n\t\t\t\t<section class=\"elementor-section elementor-top-section elementor-element elementor-element-d53a3da elementor-section-boxed elementor-section-height-default elementor-section-height-default\" data-id=\"d53a3da\" data-element_type=\"section\" data-settings=\"{&quot;background_background&quot;:&quot;classic&quot;}\">\n\t\t\t\t\t\t<div class=\"elementor-container elementor-column-gap-default\">\n\t\t\t\t\t<div class=\"elementor-column elementor-col-100 elementor-top-column elementor-element elementor-element-4e366c5\" data-id=\"4e366c5\" data-element_type=\"column\">\n\t\t\t<div class=\"elementor-widget-wrap elementor-element-populated\">\n\t\t\t\t\t\t\t\t<section class=\"elementor-section elementor-inner-section elementor-element elementor-element-01093c0 elementor-section-boxed elementor-section-height-default elementor-section-height-default\" data-id=\"01093c0\" data-element_type=\"section\">\n\t\t\t\t\t\t<div class=\"elementor-container elementor-column-gap-default\">\n\t\t\t\t\t<div class=\"elementor-column elementor-col-100 elementor-inner-column elementor-element elementor-element-7d1619c elementor-invisible\" data-id=\"7d1619c\" data-element_type=\"column\" data-settings=\"{&quot;animation&quot;:&quot;fadeInUp&quot;}\">\n\t\t\t<div class=\"elementor-widget-wrap elementor-element-populated\">\n\t\t\t\t\t\t\t\t<div class=\"elementor-element elementor-element-762812a elementor-widget__width-initial elementor-widget elementor-widget-image\" data-id=\"762812a\" data-element_type=\"widget\" data-widget_type=\"image.default\">\n\t\t\t\t<div class=\"elementor-widget-container\">\n\t\t\t<style>\/*! elementor - v3.15.0 - 20-08-2023 *\/\n.elementor-widget-image{text-align:center}.elementor-widget-image a{display:inline-block}.elementor-widget-image a img[src$=\".svg\"]{width:48px}.elementor-widget-image img{vertical-align:middle;display:inline-block}<\/style>\t\t\t\t\t\t\t\t\t\t\t\t<img loading=\"lazy\" decoding=\"async\" width=\"1024\" height=\"683\" src=\"https:\/\/drvereshzoltan.hu\/wp-content\/uploads\/2025\/11\/pexels-olly-3768916-1024x683.jpg\" class=\"attachment-large size-large wp-image-2138\" alt=\"testmozg\u00e1s\" srcset=\"https:\/\/drvereshzoltan.hu\/wp-content\/uploads\/2025\/11\/pexels-olly-3768916-1024x683.jpg 1024w, https:\/\/drvereshzoltan.hu\/wp-content\/uploads\/2025\/11\/pexels-olly-3768916-300x200.jpg 300w, https:\/\/drvereshzoltan.hu\/wp-content\/uploads\/2025\/11\/pexels-olly-3768916-768x512.jpg 768w, https:\/\/drvereshzoltan.hu\/wp-content\/uploads\/2025\/11\/pexels-olly-3768916-1536x1024.jpg 1536w, https:\/\/drvereshzoltan.hu\/wp-content\/uploads\/2025\/11\/pexels-olly-3768916-2048x1365.jpg 2048w, https:\/\/drvereshzoltan.hu\/wp-content\/uploads\/2025\/11\/pexels-olly-3768916-18x12.jpg 18w\" sizes=\"auto, (max-width: 1024px) 100vw, 1024px\" \/>\t\t\t\t\t\t\t\t\t\t\t\t\t\t\t<\/div>\n\t\t\t\t<\/div>\n\t\t\t\t<div class=\"elementor-element elementor-element-090a558 elementor-widget__width-initial elementor-widget elementor-widget-image\" data-id=\"090a558\" data-element_type=\"widget\" data-widget_type=\"image.default\">\n\t\t\t\t<div class=\"elementor-widget-container\">\n\t\t\t\t\t\t\t\t\t\t\t\t\t\t\t<img loading=\"lazy\" decoding=\"async\" width=\"1024\" height=\"682\" src=\"https:\/\/drvereshzoltan.hu\/wp-content\/uploads\/2025\/11\/dumbbells-2465478_1280-1024x682.jpg\" class=\"attachment-large size-large wp-image-2208\" alt=\"PCOS\" srcset=\"https:\/\/drvereshzoltan.hu\/wp-content\/uploads\/2025\/11\/dumbbells-2465478_1280-1024x682.jpg 1024w, https:\/\/drvereshzoltan.hu\/wp-content\/uploads\/2025\/11\/dumbbells-2465478_1280-300x200.jpg 300w, https:\/\/drvereshzoltan.hu\/wp-content\/uploads\/2025\/11\/dumbbells-2465478_1280-768x512.jpg 768w, https:\/\/drvereshzoltan.hu\/wp-content\/uploads\/2025\/11\/dumbbells-2465478_1280-18x12.jpg 18w, https:\/\/drvereshzoltan.hu\/wp-content\/uploads\/2025\/11\/dumbbells-2465478_1280.jpg 1280w\" sizes=\"auto, (max-width: 1024px) 100vw, 1024px\" \/>\t\t\t\t\t\t\t\t\t\t\t\t\t\t\t<\/div>\n\t\t\t\t<\/div>\n\t\t\t\t<div class=\"elementor-element elementor-element-de88ff0 elementor-widget elementor-widget-text-editor\" data-id=\"de88ff0\" data-element_type=\"widget\" data-widget_type=\"text-editor.default\">\n\t\t\t\t<div class=\"elementor-widget-container\">\n\t\t\t<style>\/*! elementor - v3.15.0 - 20-08-2023 *\/\n.elementor-widget-text-editor.elementor-drop-cap-view-stacked .elementor-drop-cap{background-color:#69727d;color:#fff}.elementor-widget-text-editor.elementor-drop-cap-view-framed .elementor-drop-cap{color:#69727d;border:3px solid;background-color:transparent}.elementor-widget-text-editor:not(.elementor-drop-cap-view-default) .elementor-drop-cap{margin-top:8px}.elementor-widget-text-editor:not(.elementor-drop-cap-view-default) .elementor-drop-cap-letter{width:1em;height:1em}.elementor-widget-text-editor .elementor-drop-cap{float:left;text-align:center;line-height:1;font-size:50px}.elementor-widget-text-editor .elementor-drop-cap-letter{display:inline-block}<\/style>\t\t\t\t<div style=\"background-color: #008ec1; color: #ffffff; font-family: 'Segoe UI', Tahoma, sans-serif; line-height: 1.6; padding: 25px; border-radius: 12px; box-shadow: 0 4px 10px rgba(0,0,0,0.2);\"><h2 style=\"text-align: center; margin-bottom: 20px;\">PCOS \u00e9s Testmozg\u00e1s<\/h2><p>A <strong>PCOS<\/strong> (policiszt\u00e1s ov\u00e1rium szindr\u00f3ma) nemcsak a hormonokra van hat\u00e1ssal, hanem az <strong>anyagcser\u00e9re is<\/strong>. Gyakran t\u00e1rsul <strong>inzulinrezisztencia<\/strong>, <strong>tests\u00falyn\u00f6veked\u00e9s<\/strong> \u00e9s <strong>megn\u00f6vekedett sz\u00edv- \u00e9s \u00e9rrendszeri kock\u00e1zat<\/strong>.<\/p><h3 style=\"margin-top: 20px;\">Mi\u00e9rt fontos a mozg\u00e1s?<\/h3><p>A <strong>rendszeres mozg\u00e1s<\/strong> seg\u00edt:<\/p><ul style=\"margin-left: 20px; list-style-type: square;\"><li>jav\u00edtani az inzulin\u00e9rz\u00e9kenys\u00e9get<\/li><li>cs\u00f6kkenteni a tests\u00falyt<\/li><li>kiegyens\u00falyozni a hormonokat<\/li><li>jav\u00edtani a k\u00f6z\u00e9rzetet \u00e9s a hangulatot<\/li><\/ul><h3 style=\"margin-top: 20px;\">Mennyi mozg\u00e1s javasolt?<\/h3><ul style=\"margin-left: 20px; list-style-type: circle;\"><li><strong>Heti 150\u2013300 perc<\/strong> k\u00f6zepes intenzit\u00e1s\u00fa mozg\u00e1s (pl. gyors s\u00e9ta, bicikliz\u00e9s)<\/li><li><strong>Heti 2 alkalom<\/strong> izomer\u0151s\u00edt\u0151 gyakorlat (pl. s\u00falyz\u00f3s edz\u00e9s, gumik\u00f6t\u00e9l, saj\u00e1t tests\u00falyos gyakorlatok)<\/li><li>Serd\u00fcl\u0151 l\u00e1nyoknak: <strong>napi 60 perc<\/strong> akt\u00edv mozg\u00e1s, ebb\u0151l legal\u00e1bb 3 alkalommal er\u0151s\u00edt\u0151 gyakorlat<\/li><\/ul><p>M\u00e9g a r\u00f6vid, 10\u201315 perces s\u00e9t\u00e1k is hasznosak, ha naponta t\u00f6bbsz\u00f6r ism\u00e9telj\u00fck.<\/p><h3 style=\"margin-top: 20px;\">Hasznos mozg\u00e1sform\u00e1k<\/h3><ul style=\"margin-left: 20px; list-style-type: square;\"><li><strong>Aerob mozg\u00e1s:<\/strong> s\u00e9ta, \u00fasz\u00e1s, ker\u00e9kp\u00e1roz\u00e1s, fut\u00e1s \u2013 jav\u00edtja a sz\u00edv- \u00e9s \u00e9rrendszert, cs\u00f6kkenti a der\u00e9k k\u00f6rfogatot<\/li><li><strong>Er\u0151s\u00edt\u0151 edz\u00e9s:<\/strong> s\u00falyz\u00f3, gumik\u00f6t\u00e9l, saj\u00e1t tests\u00falyos gyakorlatok \u2013 seg\u00edt az izomt\u00f6meg megtart\u00e1s\u00e1ban, ami a fogy\u00e1sn\u00e1l is fontos<\/li><li><strong>Intenz\u00edv intervallum edz\u00e9s (HIIT):<\/strong> r\u00f6vid, intenz\u00edv szakaszok v\u00e1ltakoznak pihen\u0151vel \u2013 jav\u00edtja az inzulin\u00e9rz\u00e9kenys\u00e9get<\/li><li><strong>J\u00f3ga:<\/strong> seg\u00edt a stressz cs\u00f6kkent\u00e9s\u00e9ben \u00e9s a hormonh\u00e1ztart\u00e1s kiegyens\u00falyoz\u00e1s\u00e1ban<\/li><\/ul><h3 style=\"margin-top: 20px;\">El\u0151ny\u00f6k PCOS-ben<\/h3><ul style=\"margin-left: 20px; list-style-type: circle;\"><li><strong>Jobb v\u00e9rcukorszint \u00e9s inzulin\u00e9rz\u00e9kenys\u00e9g<\/strong> \u2013 kevesebb fal\u00e1sroham \u00e9s cukor\u00e9hs\u00e9g<\/li><li><strong>Tests\u00faly \u00e9s der\u00e9k k\u00f6rfogat cs\u00f6kkent\u00e9se<\/strong><\/li><li><strong>Jobb hangulat, kevesebb stressz \u00e9s szorong\u00e1s<\/strong><\/li><li><strong>Hormon\u00e1lis egyens\u00faly jav\u00edt\u00e1sa<\/strong> \u2013 enyh\u00edti a PCOS t\u00fcneteit<\/li><\/ul><h3 style=\"margin-top: 20px;\">Gyakorlati tippek<\/h3><ul style=\"margin-left: 20px; list-style-type: square;\"><li><strong>Cs\u00f6kkentsd az \u00fcl\u0151id\u0151t:<\/strong> iktass be r\u00f6vid s\u00e9t\u00e1kat vagy \u00e1llva v\u00e9gzett tev\u00e9kenys\u00e9geket<\/li><li><strong>Fokozatosan kezdj:<\/strong> ne akarj mindent egyszerre \u2013 a fenntarthat\u00f3s\u00e1g a kulcs<\/li><li><strong>K\u00f6vesd nyomon a mozg\u00e1st:<\/strong> l\u00e9p\u00e9ssz\u00e1ml\u00e1l\u00f3, fitnesz\u00f3ra vagy napl\u00f3 seg\u00edthet motiv\u00e1lt maradni<\/li><li><strong>Tal\u00e1ld meg, ami \u00f6r\u00f6met okoz:<\/strong> \u00edgy lesz hossz\u00fa t\u00e1von is sikeres a rendszeres mozg\u00e1s<\/li><\/ul><p><strong>Mozg\u00e1s \u00e9s di\u00e9ta egy\u00fctt \u2013 a teljes k\u00e9p<\/strong><\/p><p data-start=\"2109\" data-end=\"2522\">A PCOS kezel\u00e9se akkor a leghat\u00e9konyabb, ha a rendszeres testmozg\u00e1st megfelel\u0151 \u00e9trenddel kombin\u00e1ljuk. Az inzulinrezisztenci\u00e1t \u00e9s a s\u00falyprobl\u00e9m\u00e1kat a kiegyens\u00falyozott, alacsony glik\u00e9mi\u00e1s index\u0171, rostban gazdag \u00e9tkez\u00e9s t\u00e1mogatja, mik\u00f6zben a mozg\u00e1s fokozza a fogy\u00e1s \u00e9s hormon\u00e1lis egyens\u00faly el\u0151nyeit. Ha szeretn\u00e9l t\u00f6bbet megtudni a PCOS-di\u00e9t\u00e1r\u00f3l kattints ide: <a href=\"https:\/\/drvereshzoltan.hu\/pcosdieta\/\"><strong data-start=\"2480\" data-end=\"2519\">PCOS \u00e9s di\u00e9ta\u00a0<\/strong><\/a><\/p><h3 style=\"margin-top: 20px;\">\u00d6sszefoglal\u00e1s<\/h3><p><strong>A testmozg\u00e1s a PCOS kezel\u00e9s\u00e9nek alapja<\/strong>: seg\u00edt a tests\u00faly, az inzulin, a hormonok \u00e9s a hangulat szab\u00e1lyoz\u00e1s\u00e1ban. Nem kell \u00f3r\u00e1kat edzeni \u2013 m\u00e1r a rendszeres, k\u00f6zepes intenzit\u00e1s\u00fa mozg\u00e1s \u00e9s az izomer\u0151s\u00edt\u00e9s is jelent\u0151s el\u0151ny\u00f6kkel j\u00e1r.<\/p><p><strong style=\"color: #ffdd57;\">Fontos:<\/strong> Miel\u0151tt \u00faj mozg\u00e1sprogramot kezdesz, besz\u00e9lj az orvosoddal vagy mozg\u00e1sterapeut\u00e1val, k\u00fcl\u00f6n\u00f6sen, ha m\u00e1s eg\u00e9szs\u00e9g\u00fcgyi probl\u00e9m\u00e1id is vannak.<\/p><\/div>\t\t\t\t\t\t<\/div>\n\t\t\t\t<\/div>\n\t\t\t\t\t<\/div>\n\t\t<\/div>\n\t\t\t\t\t\t\t<\/div>\n\t\t<\/section>\n\t\t\t\t\t<\/div>\n\t\t<\/div>\n\t\t\t\t\t\t\t<\/div>\n\t\t<\/section>\n\t\t\t\t<section class=\"elementor-section elementor-inner-section elementor-element elementor-element-72b837ac elementor-section-boxed elementor-section-height-default elementor-section-height-default\" data-id=\"72b837ac\" data-element_type=\"section\" data-settings=\"{&quot;background_background&quot;:&quot;classic&quot;}\">\n\t\t\t\t\t\t<div class=\"elementor-container elementor-column-gap-default\">\n\t\t\t\t\t<div class=\"elementor-column elementor-col-50 elementor-inner-column elementor-element elementor-element-200e3e8a\" data-id=\"200e3e8a\" data-element_type=\"column\">\n\t\t\t<div class=\"elementor-widget-wrap elementor-element-populated\">\n\t\t\t\t\t\t\t\t<div class=\"elementor-element elementor-element-1c96f158 elementor-widget elementor-widget-heading\" data-id=\"1c96f158\" data-element_type=\"widget\" data-widget_type=\"heading.default\">\n\t\t\t\t<div class=\"elementor-widget-container\">\n\t\t\t<h2 class=\"elementor-heading-title elementor-size-default\">Bejelentkez\u00e9s vizsg\u00e1latra<\/h2>\t\t<\/div>\n\t\t\t\t<\/div>\n\t\t\t\t<div class=\"elementor-element elementor-element-3620d288 elementor-widget elementor-widget-text-editor\" data-id=\"3620d288\" data-element_type=\"widget\" data-widget_type=\"text-editor.default\">\n\t\t\t\t<div class=\"elementor-widget-container\">\n\t\t\t\t\t\t\t<p><span style=\"color: #060606;\">Mag\u00e1nrendel\u00e9semre az on-line id\u0151pontfoglal\u00e1s automatikus rendszeren kereszt\u00fcl t\u00f6rt\u00e9nik. Ez \u00d6nnek a legk\u00e9nyelmesebb megold\u00e1s: az el\u0151jegyz\u00e9si folyamat 2 perc alatt befejez\u0151dik \u00e9s az \u00d6n sz\u00e1m\u00e1ra legalkalmasabb id\u0151pontot tudja kiv\u00e1lasztani<\/span><\/p>\t\t\t\t\t\t<\/div>\n\t\t\t\t<\/div>\n\t\t\t\t\t<\/div>\n\t\t<\/div>\n\t\t\t\t<div class=\"elementor-column elementor-col-50 elementor-inner-column elementor-element elementor-element-56024ec2\" data-id=\"56024ec2\" data-element_type=\"column\">\n\t\t\t<div class=\"elementor-widget-wrap elementor-element-populated\">\n\t\t\t\t\t\t\t\t<div class=\"elementor-element elementor-element-37903eb5 elementor-align-center elementor-mobile-align-left elementor-widget elementor-widget-button\" data-id=\"37903eb5\" data-element_type=\"widget\" data-widget_type=\"button.default\">\n\t\t\t\t<div class=\"elementor-widget-container\">\n\t\t\t\t\t<div class=\"elementor-button-wrapper\">\n\t\t\t<a class=\"elementor-button elementor-button-link elementor-size-sm\" href=\"http:\/\/drveresh.booked4.us\" target=\"_blank\" rel=\"noopener\">\n\t\t\t\t\t\t<span class=\"elementor-button-content-wrapper\">\n\t\t\t\t\t\t<span class=\"elementor-button-icon elementor-align-icon-left\">\n\t\t\t\t<i aria-hidden=\"true\" class=\"far fa-calendar-plus\"><\/i>\t\t\t<\/span>\n\t\t\t\t\t\t<span class=\"elementor-button-text\">On-Line id\u0151pontfoglal\u00e1s<\/span>\n\t\t<\/span>\n\t\t\t\t\t<\/a>\n\t\t<\/div>\n\t\t\t\t<\/div>\n\t\t\t\t<\/div>\n\t\t\t\t\t<\/div>\n\t\t<\/div>\n\t\t\t\t\t\t\t<\/div>\n\t\t<\/section>\n\t\t\t\t<section class=\"elementor-section elementor-top-section elementor-element elementor-element-644924d9 elementor-section-stretched elementor-section-boxed elementor-section-height-default elementor-section-height-default\" data-id=\"644924d9\" data-element_type=\"section\" data-settings=\"{&quot;stretch_section&quot;:&quot;section-stretched&quot;,&quot;background_background&quot;:&quot;video&quot;,&quot;background_video_link&quot;:&quot;https:\\\/\\\/www.youtube.com\\\/watch?v=rVVv5kUoxME&quot;}\">\n\t\t\t\t\t\t\t\t<div class=\"elementor-background-video-container elementor-hidden-phone\">\n\t\t\t\t\t\t\t\t\t\t\t\t\t<div class=\"elementor-background-video-embed\"><\/div>\n\t\t\t\t\t\t\t\t\t\t\t\t<\/div>\n\t\t\t\t\t\t\t\t\t<div class=\"elementor-background-overlay\"><\/div>\n\t\t\t\t\t\t\t<div class=\"elementor-container elementor-column-gap-default\">\n\t\t\t\t\t<div class=\"elementor-column elementor-col-100 elementor-top-column elementor-element elementor-element-1a351949\" data-id=\"1a351949\" data-element_type=\"column\" data-settings=\"{&quot;background_background&quot;:&quot;classic&quot;}\">\n\t\t\t<div class=\"elementor-widget-wrap elementor-element-populated\">\n\t\t\t\t\t\t\t\t<section class=\"elementor-section elementor-inner-section elementor-element elementor-element-376b4b39 elementor-section-boxed elementor-section-height-default elementor-section-height-default\" data-id=\"376b4b39\" data-element_type=\"section\" data-settings=\"{&quot;background_background&quot;:&quot;classic&quot;}\">\n\t\t\t\t\t\t<div class=\"elementor-container elementor-column-gap-default\">\n\t\t\t\t\t<div class=\"elementor-column elementor-col-50 elementor-inner-column elementor-element elementor-element-5ee87ef elementor-invisible\" data-id=\"5ee87ef\" data-element_type=\"column\" data-settings=\"{&quot;animation&quot;:&quot;fadeInUp&quot;}\">\n\t\t\t<div class=\"elementor-widget-wrap elementor-element-populated\">\n\t\t\t\t\t\t\t\t<div class=\"elementor-element elementor-element-72fc735b elementor-widget elementor-widget-text-editor\" data-id=\"72fc735b\" data-element_type=\"widget\" data-widget_type=\"text-editor.default\">\n\t\t\t\t<div class=\"elementor-widget-container\">\n\t\t\t\t\t\t\t<div class=\"qx-subtitle\"><p>Ha s\u00fcrg\u0151s bejelentkez\u00e9sre van sz\u00fcks\u00e9ge<\/p><\/div>\t\t\t\t\t\t<\/div>\n\t\t\t\t<\/div>\n\t\t\t\t\t<\/div>\n\t\t<\/div>\n\t\t\t\t<div class=\"elementor-column elementor-col-50 elementor-inner-column elementor-element elementor-element-7451675f elementor-invisible\" data-id=\"7451675f\" data-element_type=\"column\" data-settings=\"{&quot;animation&quot;:&quot;fadeInUp&quot;,&quot;animation_delay&quot;:100}\">\n\t\t\t<div class=\"elementor-widget-wrap elementor-element-populated\">\n\t\t\t\t\t\t\t\t<div class=\"elementor-element elementor-element-239bcef5 elementor-widget elementor-widget-text-editor\" data-id=\"239bcef5\" data-element_type=\"widget\" data-widget_type=\"text-editor.default\">\n\t\t\t\t<div class=\"elementor-widget-container\">\n\t\t\t\t\t\t\t<p>Bejelentkez\u00e9s<\/p>\t\t\t\t\t\t<\/div>\n\t\t\t\t<\/div>\n\t\t\t\t<div class=\"elementor-element elementor-element-39ba33b0 elementor-widget elementor-widget-heading\" data-id=\"39ba33b0\" data-element_type=\"widget\" data-widget_type=\"heading.default\">\n\t\t\t\t<div class=\"elementor-widget-container\">\n\t\t\t<h2 class=\"elementor-heading-title elementor-size-default\">+36 20 595 6665<\/h2>\t\t<\/div>\n\t\t\t\t<\/div>\n\t\t\t\t\t<\/div>\n\t\t<\/div>\n\t\t\t\t\t\t\t<\/div>\n\t\t<\/section>\n\t\t\t\t\t<\/div>\n\t\t<\/div>\n\t\t\t\t\t\t\t<\/div>\n\t\t<\/section>\n\t\t\t\t\t\t\t<\/div>\n\t\t","protected":false},"excerpt":{"rendered":"<p>PCOS \u00e9s a mozg\u00e1s \u2013 Mi\u00e9rt fontos a testmozg\u00e1s? PCOS \u00e9s Testmozg\u00e1s A PCOS (policiszt\u00e1s ov\u00e1rium szindr\u00f3ma) nemcsak a hormonokra van hat\u00e1ssal, hanem az anyagcser\u00e9re is. Gyakran t\u00e1rsul inzulinrezisztencia, tests\u00falyn\u00f6veked\u00e9s \u00e9s megn\u00f6vekedett sz\u00edv- \u00e9s \u00e9rrendszeri kock\u00e1zat. Mi\u00e9rt fontos a mozg\u00e1s? A rendszeres mozg\u00e1s seg\u00edt: jav\u00edtani az inzulin\u00e9rz\u00e9kenys\u00e9get cs\u00f6kkenteni a tests\u00falyt kiegyens\u00falyozni a hormonokat jav\u00edtani a [&hellip;]<\/p>\n","protected":false},"author":1,"featured_media":0,"parent":0,"menu_order":0,"comment_status":"closed","ping_status":"closed","template":"elementor_header_footer","meta":{"_mi_skip_tracking":false,"_monsterinsights_sitenote_active":false,"_monsterinsights_sitenote_note":"","_monsterinsights_sitenote_category":0,"ocean_post_layout":"","ocean_both_sidebars_style":"","ocean_both_sidebars_content_width":0,"ocean_both_sidebars_sidebars_width":0,"ocean_sidebar":"","ocean_second_sidebar":"","ocean_disable_margins":"enable","ocean_add_body_class":"","ocean_shortcode_before_top_bar":"","ocean_shortcode_after_top_bar":"","ocean_shortcode_before_header":"","ocean_shortcode_after_header":"","ocean_has_shortcode":"","ocean_shortcode_after_title":"","ocean_shortcode_before_footer_widgets":"","ocean_shortcode_after_footer_widgets":"","ocean_shortcode_before_footer_bottom":"","ocean_shortcode_after_footer_bottom":"","ocean_display_top_bar":"off","ocean_display_header":"default","ocean_header_style":"","ocean_center_header_left_menu":"","ocean_custom_header_template":"","ocean_custom_logo":0,"ocean_custom_retina_logo":0,"ocean_custom_logo_max_width":0,"ocean_custom_logo_tablet_max_width":0,"ocean_custom_logo_mobile_max_width":0,"ocean_custom_logo_max_height":0,"ocean_custom_logo_tablet_max_height":0,"ocean_custom_logo_mobile_max_height":0,"ocean_header_custom_menu":"","ocean_menu_typo_font_family":"","ocean_menu_typo_font_subset":"","ocean_menu_typo_font_size":0,"ocean_menu_typo_font_size_tablet":0,"ocean_menu_typo_font_size_mobile":0,"ocean_menu_typo_font_size_unit":"px","ocean_menu_typo_font_weight":"","ocean_menu_typo_font_weight_tablet":"","ocean_menu_typo_font_weight_mobile":"","ocean_menu_typo_transform":"","ocean_menu_typo_transform_tablet":"","ocean_menu_typo_transform_mobile":"","ocean_menu_typo_line_height":0,"ocean_menu_typo_line_height_tablet":0,"ocean_menu_typo_line_height_mobile":0,"ocean_menu_typo_line_height_unit":"","ocean_menu_typo_spacing":0,"ocean_menu_typo_spacing_tablet":0,"ocean_menu_typo_spacing_mobile":0,"ocean_menu_typo_spacing_unit":"","ocean_menu_link_color":"","ocean_menu_link_color_hover":"","ocean_menu_link_color_active":"","ocean_menu_link_background":"","ocean_menu_link_hover_background":"","ocean_menu_link_active_background":"","ocean_menu_social_links_bg":"","ocean_menu_social_hover_links_bg":"","ocean_menu_social_links_color":"","ocean_menu_social_hover_links_color":"","ocean_disable_title":"default","ocean_disable_heading":"default","ocean_post_title":"","ocean_post_subheading":"","ocean_post_title_style":"","ocean_post_title_background_color":"","ocean_post_title_background":0,"ocean_post_title_bg_image_position":"","ocean_post_title_bg_image_attachment":"","ocean_post_title_bg_image_repeat":"","ocean_post_title_bg_image_size":"","ocean_post_title_height":0,"ocean_post_title_bg_overlay":0.5,"ocean_post_title_bg_overlay_color":"","ocean_disable_breadcrumbs":"default","ocean_breadcrumbs_color":"","ocean_breadcrumbs_separator_color":"","ocean_breadcrumbs_links_color":"","ocean_breadcrumbs_links_hover_color":"","ocean_display_footer_widgets":"default","ocean_display_footer_bottom":"default","ocean_custom_footer_template":"","footnotes":""},"class_list":["post-2201","page","type-page","status-publish","hentry","entry"],"_links":{"self":[{"href":"https:\/\/drvereshzoltan.hu\/hu_hu\/wp-json\/wp\/v2\/pages\/2201","targetHints":{"allow":["GET"]}}],"collection":[{"href":"https:\/\/drvereshzoltan.hu\/hu_hu\/wp-json\/wp\/v2\/pages"}],"about":[{"href":"https:\/\/drvereshzoltan.hu\/hu_hu\/wp-json\/wp\/v2\/types\/page"}],"author":[{"embeddable":true,"href":"https:\/\/drvereshzoltan.hu\/hu_hu\/wp-json\/wp\/v2\/users\/1"}],"replies":[{"embeddable":true,"href":"https:\/\/drvereshzoltan.hu\/hu_hu\/wp-json\/wp\/v2\/comments?post=2201"}],"version-history":[{"count":13,"href":"https:\/\/drvereshzoltan.hu\/hu_hu\/wp-json\/wp\/v2\/pages\/2201\/revisions"}],"predecessor-version":[{"id":2459,"href":"https:\/\/drvereshzoltan.hu\/hu_hu\/wp-json\/wp\/v2\/pages\/2201\/revisions\/2459"}],"wp:attachment":[{"href":"https:\/\/drvereshzoltan.hu\/hu_hu\/wp-json\/wp\/v2\/media?parent=2201"}],"curies":[{"name":"wp","href":"https:\/\/api.w.org\/{rel}","templated":true}]}}