{"id":2281,"date":"2025-12-06T18:28:34","date_gmt":"2025-12-06T17:28:34","guid":{"rendered":"https:\/\/drvereshzoltan.hu\/?page_id=2281"},"modified":"2025-12-22T16:06:17","modified_gmt":"2025-12-22T15:06:17","slug":"magzatiszures","status":"publish","type":"page","link":"https:\/\/drvereshzoltan.hu\/hu_hu\/magzatiszures\/","title":{"rendered":"Kromosz\u00f3ma rendelleness\u00e9gek sz\u0171r\u00e9se"},"content":{"rendered":"\t\t<div data-elementor-type=\"wp-page\" data-elementor-id=\"2281\" class=\"elementor elementor-2281\">\n\t\t\t\t\t\t\t\t\t<section class=\"elementor-section elementor-top-section elementor-element elementor-element-6e28f3f6 elementor-section-stretched elementor-section-height-min-height elementor-section-boxed elementor-section-height-default elementor-section-items-middle\" data-id=\"6e28f3f6\" data-element_type=\"section\" data-settings=\"{&quot;stretch_section&quot;:&quot;section-stretched&quot;,&quot;background_background&quot;:&quot;classic&quot;}\">\n\t\t\t\t\t\t<div class=\"elementor-container elementor-column-gap-default\">\n\t\t\t\t\t<div class=\"elementor-column elementor-col-100 elementor-top-column elementor-element elementor-element-72652c19\" data-id=\"72652c19\" data-element_type=\"column\">\n\t\t\t<div class=\"elementor-widget-wrap elementor-element-populated\">\n\t\t\t\t\t\t\t\t<section class=\"elementor-section elementor-inner-section elementor-element elementor-element-18e02f6 elementor-section-boxed elementor-section-height-default elementor-section-height-default\" data-id=\"18e02f6\" data-element_type=\"section\">\n\t\t\t\t\t\t<div class=\"elementor-container elementor-column-gap-default\">\n\t\t\t\t\t<div class=\"elementor-column elementor-col-100 elementor-inner-column elementor-element elementor-element-48b7fa8\" data-id=\"48b7fa8\" data-element_type=\"column\">\n\t\t\t<div class=\"elementor-widget-wrap elementor-element-populated\">\n\t\t\t\t\t\t\t\t<div class=\"elementor-element elementor-element-e1e1759 elementor-widget elementor-widget-heading\" data-id=\"e1e1759\" data-element_type=\"widget\" data-widget_type=\"heading.default\">\n\t\t\t\t<div class=\"elementor-widget-container\">\n\t\t\t<style>\/*! elementor - v3.15.0 - 20-08-2023 *\/\n.elementor-heading-title{padding:0;margin:0;line-height:1}.elementor-widget-heading .elementor-heading-title[class*=elementor-size-]>a{color:inherit;font-size:inherit;line-height:inherit}.elementor-widget-heading .elementor-heading-title.elementor-size-small{font-size:15px}.elementor-widget-heading .elementor-heading-title.elementor-size-medium{font-size:19px}.elementor-widget-heading .elementor-heading-title.elementor-size-large{font-size:29px}.elementor-widget-heading .elementor-heading-title.elementor-size-xl{font-size:39px}.elementor-widget-heading .elementor-heading-title.elementor-size-xxl{font-size:59px}<\/style><h2 class=\"elementor-heading-title elementor-size-default\">Kromosz\u00f3ma rendelleness\u00e9gek sz\u0171r\u00e9se terhess\u00e9g alatt<\/h2>\t\t<\/div>\n\t\t\t\t<\/div>\n\t\t\t\t\t<\/div>\n\t\t<\/div>\n\t\t\t\t\t\t\t<\/div>\n\t\t<\/section>\n\t\t\t\t\t<\/div>\n\t\t<\/div>\n\t\t\t\t\t\t\t<\/div>\n\t\t<\/section>\n\t\t\t\t<section class=\"elementor-section elementor-top-section elementor-element elementor-element-d53a3da elementor-section-boxed elementor-section-height-default elementor-section-height-default\" data-id=\"d53a3da\" data-element_type=\"section\" data-settings=\"{&quot;background_background&quot;:&quot;classic&quot;}\">\n\t\t\t\t\t\t<div class=\"elementor-container elementor-column-gap-default\">\n\t\t\t\t\t<div class=\"elementor-column elementor-col-100 elementor-top-column elementor-element elementor-element-4e366c5\" data-id=\"4e366c5\" data-element_type=\"column\">\n\t\t\t<div class=\"elementor-widget-wrap elementor-element-populated\">\n\t\t\t\t\t\t\t\t<section class=\"elementor-section elementor-inner-section elementor-element elementor-element-01093c0 elementor-section-boxed elementor-section-height-default elementor-section-height-default\" data-id=\"01093c0\" data-element_type=\"section\">\n\t\t\t\t\t\t<div class=\"elementor-container elementor-column-gap-default\">\n\t\t\t\t\t<div class=\"elementor-column elementor-col-100 elementor-inner-column elementor-element elementor-element-7d1619c elementor-invisible\" data-id=\"7d1619c\" data-element_type=\"column\" data-settings=\"{&quot;animation&quot;:&quot;fadeInUp&quot;}\">\n\t\t\t<div class=\"elementor-widget-wrap elementor-element-populated\">\n\t\t\t\t\t\t\t\t<div class=\"elementor-element elementor-element-762812a elementor-widget__width-initial elementor-widget elementor-widget-image\" data-id=\"762812a\" data-element_type=\"widget\" data-widget_type=\"image.default\">\n\t\t\t\t<div class=\"elementor-widget-container\">\n\t\t\t<style>\/*! elementor - v3.15.0 - 20-08-2023 *\/\n.elementor-widget-image{text-align:center}.elementor-widget-image a{display:inline-block}.elementor-widget-image a img[src$=\".svg\"]{width:48px}.elementor-widget-image img{vertical-align:middle;display:inline-block}<\/style>\t\t\t\t\t\t\t\t\t\t\t\t<img loading=\"lazy\" decoding=\"async\" width=\"1024\" height=\"641\" src=\"https:\/\/drvereshzoltan.hu\/wp-content\/uploads\/2025\/12\/premium_photo-1702599193783-fa6c64a60159-1024x641.jpg\" class=\"attachment-large size-large wp-image-2288\" alt=\"\" srcset=\"https:\/\/drvereshzoltan.hu\/wp-content\/uploads\/2025\/12\/premium_photo-1702599193783-fa6c64a60159-1024x641.jpg 1024w, https:\/\/drvereshzoltan.hu\/wp-content\/uploads\/2025\/12\/premium_photo-1702599193783-fa6c64a60159-300x188.jpg 300w, https:\/\/drvereshzoltan.hu\/wp-content\/uploads\/2025\/12\/premium_photo-1702599193783-fa6c64a60159-768x481.jpg 768w, https:\/\/drvereshzoltan.hu\/wp-content\/uploads\/2025\/12\/premium_photo-1702599193783-fa6c64a60159-1536x962.jpg 1536w, https:\/\/drvereshzoltan.hu\/wp-content\/uploads\/2025\/12\/premium_photo-1702599193783-fa6c64a60159-2048x1282.jpg 2048w, https:\/\/drvereshzoltan.hu\/wp-content\/uploads\/2025\/12\/premium_photo-1702599193783-fa6c64a60159-18x12.jpg 18w\" sizes=\"auto, (max-width: 1024px) 100vw, 1024px\" \/>\t\t\t\t\t\t\t\t\t\t\t\t\t\t\t<\/div>\n\t\t\t\t<\/div>\n\t\t\t\t<div class=\"elementor-element elementor-element-090a558 elementor-widget__width-initial elementor-widget elementor-widget-image\" data-id=\"090a558\" data-element_type=\"widget\" data-widget_type=\"image.default\">\n\t\t\t\t<div class=\"elementor-widget-container\">\n\t\t\t\t\t\t\t\t\t\t\t\t\t\t\t<img loading=\"lazy\" decoding=\"async\" width=\"698\" height=\"577\" src=\"https:\/\/drvereshzoltan.hu\/wp-content\/uploads\/2025\/12\/Kepernyokep-2025-12-06-184038.png\" class=\"attachment-large size-large wp-image-2287\" alt=\"kromosz\u00f3ma rendelleness\u00e9gek sz\u0171r\u00e9se\" srcset=\"https:\/\/drvereshzoltan.hu\/wp-content\/uploads\/2025\/12\/Kepernyokep-2025-12-06-184038.png 698w, https:\/\/drvereshzoltan.hu\/wp-content\/uploads\/2025\/12\/Kepernyokep-2025-12-06-184038-300x248.png 300w, https:\/\/drvereshzoltan.hu\/wp-content\/uploads\/2025\/12\/Kepernyokep-2025-12-06-184038-15x12.png 15w\" sizes=\"auto, (max-width: 698px) 100vw, 698px\" \/>\t\t\t\t\t\t\t\t\t\t\t\t\t\t\t<\/div>\n\t\t\t\t<\/div>\n\t\t\t\t<div class=\"elementor-element elementor-element-de88ff0 elementor-widget elementor-widget-text-editor\" data-id=\"de88ff0\" data-element_type=\"widget\" data-widget_type=\"text-editor.default\">\n\t\t\t\t<div class=\"elementor-widget-container\">\n\t\t\t<style>\/*! elementor - v3.15.0 - 20-08-2023 *\/\n.elementor-widget-text-editor.elementor-drop-cap-view-stacked .elementor-drop-cap{background-color:#69727d;color:#fff}.elementor-widget-text-editor.elementor-drop-cap-view-framed .elementor-drop-cap{color:#69727d;border:3px solid;background-color:transparent}.elementor-widget-text-editor:not(.elementor-drop-cap-view-default) .elementor-drop-cap{margin-top:8px}.elementor-widget-text-editor:not(.elementor-drop-cap-view-default) .elementor-drop-cap-letter{width:1em;height:1em}.elementor-widget-text-editor .elementor-drop-cap{float:left;text-align:center;line-height:1;font-size:50px}.elementor-widget-text-editor .elementor-drop-cap-letter{display:inline-block}<\/style>\t\t\t\t<div style=\"background-color: #008ec1; color: #ffffff; font-family: 'Segoe UI', Tahoma, sans-serif; line-height: 1.6; padding: 25px; border-radius: 12px; box-shadow: 0 4px 10px rgba(0,0,0,0.2);\"><div class=\"flex max-w-full flex-col flex-grow\"><div class=\"min-h-8 text-message flex w-full flex-col items-end gap-2 whitespace-normal break-words text-start [.text-message+&amp;]:mt-5\" dir=\"auto\" data-message-author-role=\"assistant\" data-message-id=\"14432f45-afd1-4e43-83e7-d78a7cf1a2c9\" data-message-model-slug=\"gpt-4o\"><div class=\"flex w-full flex-col gap-1 empty:hidden first:pt-[3px]\"><div class=\"markdown prose w-full break-words dark:prose-invert dark\"><h4><strong>Mik azok a kromosz\u00f3ma-rendelleness\u00e9gek?<\/strong><\/h4><p>Az emberi sejtek 23 p\u00e1r, azaz \u00f6sszesen 46 kromosz\u00f3m\u00e1t tartalmaznak. Az ivarsejtek oszt\u00f3d\u00e1sakor norm\u00e1lis esetben az ut\u00f3d mindk\u00e9t sz\u00fcl\u0151 kromosz\u00f3map\u00e1rjainak a fel\u00e9t (az apa kromosz\u00f3m\u00e1j\u00e1b\u00f3l 23-at, valamint az anya 46 kromosz\u00f3m\u00e1j\u00e1b\u00f3l is 23-at) kapja meg. A sz\u00fcletend\u0151 gyermek sejtjeiben \u00edgy lesz 46 kromosz\u00f3ma. Ha a kromosz\u00f3m\u00e1k oszt\u00f3d\u00e1sa sor\u00e1n hiba l\u00e9p fel, az a kromosz\u00f3masz\u00e1m elt\u00e9r\u00e9s\u00e9hez vezethet, p\u00e9ld\u00e1ul egy extra kromosz\u00f3ma jelenik meg. Ezek a rendelleness\u00e9gek leggyakrabban vet\u00e9l\u00e9shez vezetnek, de bizonyos esetekben \u00e9letk\u00e9pes magzatok sz\u00fcletnek.<\/p><p>Gyakori trisz\u00f3mi\u00e1k:<\/p><ul><li><strong>Down-szindr\u00f3ma (21-es trisz\u00f3mia):<\/strong> El\u0151fordul\u00e1sa az anyai \u00e9letkorral n\u0151. (Pl. 25 \u00e9ves korban 1:1350 \u00e9lvesz\u00fcl\u00e9s, 45 \u00e9ves korban 1:30.)<\/li><li><strong>Patau-k\u00f3r (13-as trisz\u00f3mia):<\/strong> Ritka, el\u0151fordul\u00e1sa kb. 1:10 000.<\/li><li><strong>Edwards-k\u00f3r (18-as trisz\u00f3mia):<\/strong> Ritk\u00e1bb, mint a Down-szindr\u00f3ma, gyakoris\u00e1ga kb. 1:6000.<\/li><li><strong>Nemi kromosz\u00f3m\u00e1k elt\u00e9r\u00e9sei:<\/strong> Turner-szindr\u00f3ma (45,X) (kb. 1:2 000 le\u00e1ny), Klinefelter-szindr\u00f3ma (47,XXY) (kb. 1:500-1000 fi\u00fa), tripla X-szindr\u00f3ma (47,XXX) (kb. 1:800-1000 le\u00e1ny), Jacob-szindr\u00f3ma (47,XYY) (kb. 1:1000 fi\u00fa).<\/li><\/ul><h4><strong>Sz\u0171r\u00e9si m\u00f3dszerek<\/strong><\/h4><h5><strong>1. Ultrahangos vizsg\u00e1lat<\/strong><\/h5><p>Az els\u0151 trimeszteri genetikai ultrahangot a 11\u201314. h\u00e9t k\u00f6z\u00f6tt v\u00e9gzik. Jelek lehetnek:<\/p><ul><li>Vastag tark\u00f3red\u0151.<\/li><li>Orrcsont hi\u00e1nya.<br \/>Az ultrahang \u00f6nmag\u00e1ban kb. 70-75%-os \u00e9rz\u00e9kenys\u00e9ggel azonos\u00edtja a Down-szindr\u00f3m\u00e1s magzatokat. Kieg\u00e9sz\u00edt\u0151 sz\u0171r\u0151tesztek sz\u00fcks\u00e9gesek a pontosabb eredm\u00e9nyhez.<\/li><\/ul><h5><strong>2. Kombin\u00e1lt teszt<\/strong><\/h5><ul><li><strong>Id\u0151pont:<\/strong> 11-14. h\u00e9t.<\/li><li><strong>M\u00f3dszer:<\/strong> Ultrahang (tark\u00f3red\u0151, orrcsont) + anyai v\u00e9rv\u00e9tel (PAPP-A, szabad \u03b2-HCG).<\/li><li><strong>\u00c9rz\u00e9kenys\u00e9g:<\/strong> 80-85%, \u00e1lpozit\u00edv ar\u00e1ny: 3-5%.<\/li><li><strong>Eredm\u00e9ny:<\/strong> Kock\u00e1zatbecsl\u00e9s alacsony, k\u00f6zepes vagy magas kateg\u00f3ri\u00e1kban.<\/li><\/ul><h5><a href=\"https:\/\/drvereshzoltan.hu\/nipt\/\"><strong>3. NIPT (Nem-invaz\u00edv prenat\u00e1lis teszt, pl. GenePlanet\u00ae, PANORAMA\u00ae, PrenaGenetics\u00ae)<\/strong><\/a><\/h5><ul><li><strong>Id\u0151pont:<\/strong> 10. h\u00e9tt\u0151l.<\/li><li><strong>M\u00f3dszer:<\/strong> Anyai v\u00e9rben kering\u0151 magzati DNS vizsg\u00e1lata.<\/li><li><strong>\u00c9rz\u00e9kenys\u00e9g:<\/strong> 99%, \u00e1lpozit\u00edv ar\u00e1ny: 1-2%.<\/li><li><strong>El\u0151nye:<\/strong> Pontos, nincs vet\u00e9l\u00e9si kock\u00e1zat, a magzat neme k\u00f6z\u00f6lhet\u0151 a 12. h\u00e9tt\u0151l, a nemi kromosz\u00f3m\u00e1k elt\u00e9r\u00e9seit is vizsg\u00e1lja.<\/li><li><strong>H\u00e1tr\u00e1nya:<\/strong> Magasabb k\u00f6lts\u00e9g (180-230 ezer Ft).<\/li><\/ul><h5><strong>4. Invaz\u00edv diagnosztikus vizsg\u00e1latok<\/strong><\/h5><p><strong>Chorion-boholy mintav\u00e9tel (CVS):<\/strong><\/p><ul><li><strong>Id\u0151pont:<\/strong> 10-14. h\u00e9t.<\/li><li><strong>Kock\u00e1zat:<\/strong> Vet\u00e9l\u00e9si kock\u00e1zat 1-2%.<\/li><li><strong>\u00c9rz\u00e9kenys\u00e9g:<\/strong> 100%.<\/li><\/ul><p><strong>Amniocentesis:<\/strong><\/p><ul><li><strong>Id\u0151pont:<\/strong> 16-21. h\u00e9t.<\/li><li><strong>Kock\u00e1zat:<\/strong> Vet\u00e9l\u00e9si kock\u00e1zat 0,5-1%.<\/li><li><strong>\u00c9rz\u00e9kenys\u00e9g:<\/strong> 100%.<\/li><\/ul><h4><strong>\u00d6sszehasonl\u00edt\u00f3 t\u00e1bl\u00e1zat<\/strong><\/h4><table><thead><tr><th>Teszt<\/th><th>Invaz\u00edv?<\/th><th>Id\u0151pont (terhess\u00e9gi h\u00e9t)<\/th><th>Kock\u00e1zat<\/th><th>\u00c9rz\u00e9kenys\u00e9g\u00a0<br \/>(Down-k\u00f3r)<\/th><th>\u00c1r<\/th><\/tr><\/thead><tbody><tr><td><strong>Ultrahang<\/strong><\/td><td>Nem<\/td><td>11-14<\/td><td>Nincs<\/td><td>60%<\/td><td>NEAK \u00e1ltal finansz\u00edrozott<\/td><\/tr><tr><td><strong>Kombin\u00e1lt teszt<\/strong><\/td><td>Nem<\/td><td>11-14<\/td><td>Nincs<\/td><td>70-85%<\/td><td>~40-70 ezer Ft<\/td><\/tr><tr><td><strong>NIPT<\/strong><\/td><td>Nem<\/td><td>10-21<\/td><td>Nincs<\/td><td>99,4%<\/td><td>~180-230 ezer Ft<\/td><\/tr><tr><td><strong>Chorion-boholy mintav\u00e9tel<\/strong><\/td><td>Igen<\/td><td>10-14<\/td><td>1-2% vet\u00e9l\u00e9s<\/td><td>99,8%<\/td><td>NEAK \u00e1ltal finansz\u00edrozott*<\/td><\/tr><tr><td><strong>Amniocentesis<\/strong><\/td><td>Igen<\/td><td>16-21<\/td><td>0,5-1% vet\u00e9l\u00e9s<\/td><td>99,9%<\/td><td>NEAK \u00e1ltal finansz\u00edrozott*<\/td><\/tr><\/tbody><\/table><p>(*NEAK finansz\u00edroz\u00e1s felt\u00e9tele: genetikai tan\u00e1csad\u00e1s \u00e9s indik\u00e1ci\u00f3, pl. 37 \u00e9v feletti anyai \u00e9letkor.)<\/p><h4><strong>Fontos megjegyz\u00e9sek<\/strong><\/h4><ul><li>Az ultrahang, kombin\u00e1lt teszt \u00e9s NIPT sz\u0171r\u0151vizsg\u00e1latok, nem diagnosztikai m\u00f3dszerek.<\/li><li>A kromosz\u00f3ma-rendelleness\u00e9gek sz\u0171r\u00e9se ma m\u00e1r pontos \u00e9s biztons\u00e1gos m\u00f3dszerekkel v\u00e9gezhet\u0151. A NIPT tesztek kiemelked\u0151en magas \u00e9rz\u00e9kenys\u00e9get \u00e9s alacsony \u00e1lpozit\u00edv ar\u00e1nyt biztos\u00edtanak, m\u00e9g a nemi kromosz\u00f3m\u00e1k elt\u00e9r\u00e9seinek vagy a k\u00fcl\u00f6nb\u00f6z\u0151 del\u00e9ci\u00f3s szindr\u00f3m\u00e1k kimutat\u00e1s\u00e1ban.<\/li><li>Pozit\u00edv sz\u0171r\u00e9si eredm\u00e9ny eset\u00e9n invaz\u00edv diagnosztikus vizsg\u00e1lat sz\u00fcks\u00e9ges.<\/li><li>A d\u00f6nt\u00e9sben fontos a terhes n\u0151 \u00e9letkora, kock\u00e1zati t\u00e9nyez\u0151k \u00e9s szem\u00e9lyes preferenci\u00e1k figyelembev\u00e9tele.<\/li><\/ul><\/div><\/div><\/div><\/div><\/div>\t\t\t\t\t\t<\/div>\n\t\t\t\t<\/div>\n\t\t\t\t\t<\/div>\n\t\t<\/div>\n\t\t\t\t\t\t\t<\/div>\n\t\t<\/section>\n\t\t\t\t\t<\/div>\n\t\t<\/div>\n\t\t\t\t\t\t\t<\/div>\n\t\t<\/section>\n\t\t\t\t<section class=\"elementor-section elementor-inner-section elementor-element elementor-element-72b837ac elementor-section-boxed elementor-section-height-default elementor-section-height-default\" data-id=\"72b837ac\" data-element_type=\"section\" data-settings=\"{&quot;background_background&quot;:&quot;classic&quot;}\">\n\t\t\t\t\t\t<div class=\"elementor-container elementor-column-gap-default\">\n\t\t\t\t\t<div class=\"elementor-column elementor-col-50 elementor-inner-column elementor-element elementor-element-200e3e8a\" data-id=\"200e3e8a\" data-element_type=\"column\">\n\t\t\t<div class=\"elementor-widget-wrap elementor-element-populated\">\n\t\t\t\t\t\t\t\t<div class=\"elementor-element elementor-element-1c96f158 elementor-widget elementor-widget-heading\" data-id=\"1c96f158\" data-element_type=\"widget\" data-widget_type=\"heading.default\">\n\t\t\t\t<div class=\"elementor-widget-container\">\n\t\t\t<h2 class=\"elementor-heading-title elementor-size-default\">Bejelentkez\u00e9s vizsg\u00e1latra<\/h2>\t\t<\/div>\n\t\t\t\t<\/div>\n\t\t\t\t<div class=\"elementor-element elementor-element-3620d288 elementor-widget elementor-widget-text-editor\" data-id=\"3620d288\" data-element_type=\"widget\" data-widget_type=\"text-editor.default\">\n\t\t\t\t<div class=\"elementor-widget-container\">\n\t\t\t\t\t\t\t<p><span style=\"color: #060606;\">Mag\u00e1nrendel\u00e9semre az on-line id\u0151pontfoglal\u00e1s automatikus rendszeren kereszt\u00fcl t\u00f6rt\u00e9nik. Ez \u00d6nnek a legk\u00e9nyelmesebb megold\u00e1s: az el\u0151jegyz\u00e9si folyamat 2 perc alatt befejez\u0151dik \u00e9s az \u00d6n sz\u00e1m\u00e1ra legalkalmasabb id\u0151pontot tudja kiv\u00e1lasztani<\/span><\/p>\t\t\t\t\t\t<\/div>\n\t\t\t\t<\/div>\n\t\t\t\t\t<\/div>\n\t\t<\/div>\n\t\t\t\t<div class=\"elementor-column elementor-col-50 elementor-inner-column elementor-element elementor-element-56024ec2\" data-id=\"56024ec2\" data-element_type=\"column\">\n\t\t\t<div class=\"elementor-widget-wrap elementor-element-populated\">\n\t\t\t\t\t\t\t\t<div class=\"elementor-element elementor-element-37903eb5 elementor-align-center elementor-mobile-align-left elementor-widget elementor-widget-button\" data-id=\"37903eb5\" data-element_type=\"widget\" data-widget_type=\"button.default\">\n\t\t\t\t<div class=\"elementor-widget-container\">\n\t\t\t\t\t<div class=\"elementor-button-wrapper\">\n\t\t\t<a class=\"elementor-button elementor-button-link elementor-size-sm\" href=\"http:\/\/drveresh.booked4.us\" target=\"_blank\" rel=\"noopener\">\n\t\t\t\t\t\t<span class=\"elementor-button-content-wrapper\">\n\t\t\t\t\t\t<span class=\"elementor-button-icon elementor-align-icon-left\">\n\t\t\t\t<i aria-hidden=\"true\" class=\"far fa-calendar-plus\"><\/i>\t\t\t<\/span>\n\t\t\t\t\t\t<span class=\"elementor-button-text\">On-Line id\u0151pontfoglal\u00e1s<\/span>\n\t\t<\/span>\n\t\t\t\t\t<\/a>\n\t\t<\/div>\n\t\t\t\t<\/div>\n\t\t\t\t<\/div>\n\t\t\t\t\t<\/div>\n\t\t<\/div>\n\t\t\t\t\t\t\t<\/div>\n\t\t<\/section>\n\t\t\t\t<section class=\"elementor-section elementor-top-section elementor-element elementor-element-644924d9 elementor-section-stretched elementor-section-boxed elementor-section-height-default elementor-section-height-default\" data-id=\"644924d9\" data-element_type=\"section\" data-settings=\"{&quot;stretch_section&quot;:&quot;section-stretched&quot;,&quot;background_background&quot;:&quot;video&quot;,&quot;background_video_link&quot;:&quot;https:\\\/\\\/www.youtube.com\\\/watch?v=rVVv5kUoxME&quot;}\">\n\t\t\t\t\t\t\t\t<div class=\"elementor-background-video-container elementor-hidden-phone\">\n\t\t\t\t\t\t\t\t\t\t\t\t\t<div class=\"elementor-background-video-embed\"><\/div>\n\t\t\t\t\t\t\t\t\t\t\t\t<\/div>\n\t\t\t\t\t\t\t\t\t<div class=\"elementor-background-overlay\"><\/div>\n\t\t\t\t\t\t\t<div class=\"elementor-container elementor-column-gap-default\">\n\t\t\t\t\t<div class=\"elementor-column elementor-col-100 elementor-top-column elementor-element elementor-element-1a351949\" data-id=\"1a351949\" data-element_type=\"column\" data-settings=\"{&quot;background_background&quot;:&quot;classic&quot;}\">\n\t\t\t<div class=\"elementor-widget-wrap elementor-element-populated\">\n\t\t\t\t\t\t\t\t<section class=\"elementor-section elementor-inner-section elementor-element elementor-element-376b4b39 elementor-section-boxed elementor-section-height-default elementor-section-height-default\" data-id=\"376b4b39\" data-element_type=\"section\" data-settings=\"{&quot;background_background&quot;:&quot;classic&quot;}\">\n\t\t\t\t\t\t<div class=\"elementor-container elementor-column-gap-default\">\n\t\t\t\t\t<div class=\"elementor-column elementor-col-50 elementor-inner-column elementor-element elementor-element-5ee87ef elementor-invisible\" data-id=\"5ee87ef\" data-element_type=\"column\" data-settings=\"{&quot;animation&quot;:&quot;fadeInUp&quot;}\">\n\t\t\t<div class=\"elementor-widget-wrap elementor-element-populated\">\n\t\t\t\t\t\t\t\t<div class=\"elementor-element elementor-element-72fc735b elementor-widget elementor-widget-text-editor\" data-id=\"72fc735b\" data-element_type=\"widget\" data-widget_type=\"text-editor.default\">\n\t\t\t\t<div class=\"elementor-widget-container\">\n\t\t\t\t\t\t\t<div class=\"qx-subtitle\"><p>Ha s\u00fcrg\u0151s bejelentkez\u00e9sre van sz\u00fcks\u00e9ge<\/p><\/div>\t\t\t\t\t\t<\/div>\n\t\t\t\t<\/div>\n\t\t\t\t\t<\/div>\n\t\t<\/div>\n\t\t\t\t<div class=\"elementor-column elementor-col-50 elementor-inner-column elementor-element elementor-element-7451675f elementor-invisible\" data-id=\"7451675f\" data-element_type=\"column\" data-settings=\"{&quot;animation&quot;:&quot;fadeInUp&quot;,&quot;animation_delay&quot;:100}\">\n\t\t\t<div class=\"elementor-widget-wrap elementor-element-populated\">\n\t\t\t\t\t\t\t\t<div class=\"elementor-element elementor-element-239bcef5 elementor-widget elementor-widget-text-editor\" data-id=\"239bcef5\" data-element_type=\"widget\" data-widget_type=\"text-editor.default\">\n\t\t\t\t<div class=\"elementor-widget-container\">\n\t\t\t\t\t\t\t<p>Bejelentkez\u00e9s<\/p>\t\t\t\t\t\t<\/div>\n\t\t\t\t<\/div>\n\t\t\t\t<div class=\"elementor-element elementor-element-39ba33b0 elementor-widget elementor-widget-heading\" data-id=\"39ba33b0\" data-element_type=\"widget\" data-widget_type=\"heading.default\">\n\t\t\t\t<div class=\"elementor-widget-container\">\n\t\t\t<h2 class=\"elementor-heading-title elementor-size-default\">+36 20 595 6665<\/h2>\t\t<\/div>\n\t\t\t\t<\/div>\n\t\t\t\t\t<\/div>\n\t\t<\/div>\n\t\t\t\t\t\t\t<\/div>\n\t\t<\/section>\n\t\t\t\t\t<\/div>\n\t\t<\/div>\n\t\t\t\t\t\t\t<\/div>\n\t\t<\/section>\n\t\t\t\t\t\t\t<\/div>\n\t\t","protected":false},"excerpt":{"rendered":"<p>Kromosz\u00f3ma rendelleness\u00e9gek sz\u0171r\u00e9se terhess\u00e9g alatt Mik azok a kromosz\u00f3ma-rendelleness\u00e9gek? Az emberi sejtek 23 p\u00e1r, azaz \u00f6sszesen 46 kromosz\u00f3m\u00e1t tartalmaznak. Az ivarsejtek oszt\u00f3d\u00e1sakor norm\u00e1lis esetben az ut\u00f3d mindk\u00e9t sz\u00fcl\u0151 kromosz\u00f3map\u00e1rjainak a fel\u00e9t (az apa kromosz\u00f3m\u00e1j\u00e1b\u00f3l 23-at, valamint az anya 46 kromosz\u00f3m\u00e1j\u00e1b\u00f3l is 23-at) kapja meg. A sz\u00fcletend\u0151 gyermek sejtjeiben \u00edgy lesz 46 kromosz\u00f3ma. Ha a kromosz\u00f3m\u00e1k [&hellip;]<\/p>\n","protected":false},"author":1,"featured_media":0,"parent":0,"menu_order":0,"comment_status":"closed","ping_status":"closed","template":"elementor_header_footer","meta":{"_mi_skip_tracking":false,"_monsterinsights_sitenote_active":false,"_monsterinsights_sitenote_note":"","_monsterinsights_sitenote_category":0,"ocean_post_layout":"","ocean_both_sidebars_style":"","ocean_both_sidebars_content_width":0,"ocean_both_sidebars_sidebars_width":0,"ocean_sidebar":"","ocean_second_sidebar":"","ocean_disable_margins":"enable","ocean_add_body_class":"","ocean_shortcode_before_top_bar":"","ocean_shortcode_after_top_bar":"","ocean_shortcode_before_header":"","ocean_shortcode_after_header":"","ocean_has_shortcode":"","ocean_shortcode_after_title":"","ocean_shortcode_before_footer_widgets":"","ocean_shortcode_after_footer_widgets":"","ocean_shortcode_before_footer_bottom":"","ocean_shortcode_after_footer_bottom":"","ocean_display_top_bar":"off","ocean_display_header":"default","ocean_header_style":"","ocean_center_header_left_menu":"","ocean_custom_header_template":"","ocean_custom_logo":0,"ocean_custom_retina_logo":0,"ocean_custom_logo_max_width":0,"ocean_custom_logo_tablet_max_width":0,"ocean_custom_logo_mobile_max_width":0,"ocean_custom_logo_max_height":0,"ocean_custom_logo_tablet_max_height":0,"ocean_custom_logo_mobile_max_height":0,"ocean_header_custom_menu":"","ocean_menu_typo_font_family":"","ocean_menu_typo_font_subset":"","ocean_menu_typo_font_size":0,"ocean_menu_typo_font_size_tablet":0,"ocean_menu_typo_font_size_mobile":0,"ocean_menu_typo_font_size_unit":"px","ocean_menu_typo_font_weight":"","ocean_menu_typo_font_weight_tablet":"","ocean_menu_typo_font_weight_mobile":"","ocean_menu_typo_transform":"","ocean_menu_typo_transform_tablet":"","ocean_menu_typo_transform_mobile":"","ocean_menu_typo_line_height":0,"ocean_menu_typo_line_height_tablet":0,"ocean_menu_typo_line_height_mobile":0,"ocean_menu_typo_line_height_unit":"","ocean_menu_typo_spacing":0,"ocean_menu_typo_spacing_tablet":0,"ocean_menu_typo_spacing_mobile":0,"ocean_menu_typo_spacing_unit":"","ocean_menu_link_color":"","ocean_menu_link_color_hover":"","ocean_menu_link_color_active":"","ocean_menu_link_background":"","ocean_menu_link_hover_background":"","ocean_menu_link_active_background":"","ocean_menu_social_links_bg":"","ocean_menu_social_hover_links_bg":"","ocean_menu_social_links_color":"","ocean_menu_social_hover_links_color":"","ocean_disable_title":"default","ocean_disable_heading":"default","ocean_post_title":"","ocean_post_subheading":"","ocean_post_title_style":"","ocean_post_title_background_color":"","ocean_post_title_background":0,"ocean_post_title_bg_image_position":"","ocean_post_title_bg_image_attachment":"","ocean_post_title_bg_image_repeat":"","ocean_post_title_bg_image_size":"","ocean_post_title_height":0,"ocean_post_title_bg_overlay":0.5,"ocean_post_title_bg_overlay_color":"","ocean_disable_breadcrumbs":"default","ocean_breadcrumbs_color":"","ocean_breadcrumbs_separator_color":"","ocean_breadcrumbs_links_color":"","ocean_breadcrumbs_links_hover_color":"","ocean_display_footer_widgets":"default","ocean_display_footer_bottom":"default","ocean_custom_footer_template":"","footnotes":""},"class_list":["post-2281","page","type-page","status-publish","hentry","entry"],"_links":{"self":[{"href":"https:\/\/drvereshzoltan.hu\/hu_hu\/wp-json\/wp\/v2\/pages\/2281","targetHints":{"allow":["GET"]}}],"collection":[{"href":"https:\/\/drvereshzoltan.hu\/hu_hu\/wp-json\/wp\/v2\/pages"}],"about":[{"href":"https:\/\/drvereshzoltan.hu\/hu_hu\/wp-json\/wp\/v2\/types\/page"}],"author":[{"embeddable":true,"href":"https:\/\/drvereshzoltan.hu\/hu_hu\/wp-json\/wp\/v2\/users\/1"}],"replies":[{"embeddable":true,"href":"https:\/\/drvereshzoltan.hu\/hu_hu\/wp-json\/wp\/v2\/comments?post=2281"}],"version-history":[{"count":17,"href":"https:\/\/drvereshzoltan.hu\/hu_hu\/wp-json\/wp\/v2\/pages\/2281\/revisions"}],"predecessor-version":[{"id":2449,"href":"https:\/\/drvereshzoltan.hu\/hu_hu\/wp-json\/wp\/v2\/pages\/2281\/revisions\/2449"}],"wp:attachment":[{"href":"https:\/\/drvereshzoltan.hu\/hu_hu\/wp-json\/wp\/v2\/media?parent=2281"}],"curies":[{"name":"wp","href":"https:\/\/api.w.org\/{rel}","templated":true}]}}